{"id":51746,"date":"2024-01-19T05:42:15","date_gmt":"2024-01-19T10:42:15","guid":{"rendered":"https:\/\/lebouquetnew.brstdev.com\/the-ftd-divinity-basket\/"},"modified":"2025-08-13T06:12:21","modified_gmt":"2025-08-13T10:12:21","slug":"divinite-de-ftd","status":"publish","type":"product","link":"https:\/\/lebouquet.brstdev.com\/fr\/divinite-de-ftd\/","title":{"rendered":"Divinit\u00e9 de FTD"},"content":{"rendered":"<p>Un lys asiatique, des asters matsumoto, des alstro\u00e9m\u00e8res blancs, des oeillets miniatures et de la gypsophile sont d\u00e9pos\u00e9s dans une magnifique corbeille. Un magnifique&nbsp;arrangement qui peut \u00eatre livr\u00e9 au domicile ou au salon fun\u00e9raire. Hors saison, les matsumotos peuvent \u00eatre remplac\u00e9s&nbsp;par des chrysanth\u00e8mes.&nbsp;<\/p>\n<p>Mesure environ&nbsp;9&Prime;H&nbsp;x 11L<\/p>\n","protected":false},"excerpt":{"rendered":"<p style=\"text-align:center;\">Environ&nbsp;9&Prime;H&nbsp;x 11&Prime;L<\/p>\n","protected":false},"featured_media":51739,"comment_status":"open","ping_status":"closed","template":"","meta":{"_acf_changed":false,"inline_featured_image":false},"recipe":[],"product_brand":[],"product_cat":[7622,7620,7619,7621],"product_tag":[],"class_list":{"0":"post-51746","1":"product","2":"type-product","3":"status-publish","4":"has-post-thumbnail","6":"product_cat-condoleances-pour-la-maison-funeraire","7":"product_cat-funeraire","8":"product_cat-funeral","9":"product_cat-home-sympathy-arrangement","11":"first","12":"instock","13":"shipping-taxable","14":"purchasable","15":"product-type-simple"},"acf":[],"_links":{"self":[{"href":"https:\/\/lebouquet.brstdev.com\/fr\/wp-json\/wp\/v2\/product\/51746","targetHints":{"allow":["GET"]}}],"collection":[{"href":"https:\/\/lebouquet.brstdev.com\/fr\/wp-json\/wp\/v2\/product"}],"about":[{"href":"https:\/\/lebouquet.brstdev.com\/fr\/wp-json\/wp\/v2\/types\/product"}],"replies":[{"embeddable":true,"href":"https:\/\/lebouquet.brstdev.com\/fr\/wp-json\/wp\/v2\/comments?post=51746"}],"wp:featuredmedia":[{"embeddable":true,"href":"https:\/\/lebouquet.brstdev.com\/fr\/wp-json\/wp\/v2\/media\/51739"}],"wp:attachment":[{"href":"https:\/\/lebouquet.brstdev.com\/fr\/wp-json\/wp\/v2\/media?parent=51746"}],"wp:term":[{"taxonomy":"recipe","embeddable":true,"href":"https:\/\/lebouquet.brstdev.com\/fr\/wp-json\/wp\/v2\/recipe?post=51746"},{"taxonomy":"product_brand","embeddable":true,"href":"https:\/\/lebouquet.brstdev.com\/fr\/wp-json\/wp\/v2\/product_brand?post=51746"},{"taxonomy":"product_cat","embeddable":true,"href":"https:\/\/lebouquet.brstdev.com\/fr\/wp-json\/wp\/v2\/product_cat?post=51746"},{"taxonomy":"product_tag","embeddable":true,"href":"https:\/\/lebouquet.brstdev.com\/fr\/wp-json\/wp\/v2\/product_tag?post=51746"}],"curies":[{"name":"wp","href":"https:\/\/api.w.org\/{rel}","templated":true}]}}