{"id":51726,"date":"2024-01-19T05:41:59","date_gmt":"2024-01-19T10:41:59","guid":{"rendered":"https:\/\/lebouquetnew.brstdev.com\/the-ftd-angel-wings-arrangement\/"},"modified":"2025-08-13T06:12:22","modified_gmt":"2025-08-13T10:12:22","slug":"les-ailes-dun-ange-de-ftd","status":"publish","type":"product","link":"https:\/\/lebouquet.brstdev.com\/fr\/les-ailes-dun-ange-de-ftd\/","title":{"rendered":"Les ailes d&rsquo;un ange de FTD"},"content":{"rendered":"<p>La composition Les ailes d&rsquo;un ange de FTD&nbsp;refl\u00e8te l&rsquo;innocence d&rsquo;un enfant dans un bouquet de pures fleurs blanches. Les \u0153illets, lys des Incas, boutons de marguerite, boutons de chrysanth\u00e8me et lys, tous blancs, sont harmonieusement dispos\u00e9s dans un vase en verre transparent.<\/p>\n<p>Mesure environ 22&Prime;H x 14&Prime;L<\/p>\n","protected":false},"excerpt":{"rendered":"<p style=\"text-align:center;\">Environ 22&Prime;H x 14&Prime;L<\/p>\n","protected":false},"featured_media":51719,"comment_status":"open","ping_status":"closed","template":"","meta":{"_acf_changed":false,"inline_featured_image":false},"recipe":[],"product_brand":[],"product_cat":[7622,7620,7619,7621],"product_tag":[],"class_list":{"0":"post-51726","1":"product","2":"type-product","3":"status-publish","4":"has-post-thumbnail","6":"product_cat-condoleances-pour-la-maison-funeraire","7":"product_cat-funeraire","8":"product_cat-funeral","9":"product_cat-home-sympathy-arrangement","11":"first","12":"instock","13":"shipping-taxable","14":"purchasable","15":"product-type-simple"},"acf":[],"_links":{"self":[{"href":"https:\/\/lebouquet.brstdev.com\/fr\/wp-json\/wp\/v2\/product\/51726","targetHints":{"allow":["GET"]}}],"collection":[{"href":"https:\/\/lebouquet.brstdev.com\/fr\/wp-json\/wp\/v2\/product"}],"about":[{"href":"https:\/\/lebouquet.brstdev.com\/fr\/wp-json\/wp\/v2\/types\/product"}],"replies":[{"embeddable":true,"href":"https:\/\/lebouquet.brstdev.com\/fr\/wp-json\/wp\/v2\/comments?post=51726"}],"wp:featuredmedia":[{"embeddable":true,"href":"https:\/\/lebouquet.brstdev.com\/fr\/wp-json\/wp\/v2\/media\/51719"}],"wp:attachment":[{"href":"https:\/\/lebouquet.brstdev.com\/fr\/wp-json\/wp\/v2\/media?parent=51726"}],"wp:term":[{"taxonomy":"recipe","embeddable":true,"href":"https:\/\/lebouquet.brstdev.com\/fr\/wp-json\/wp\/v2\/recipe?post=51726"},{"taxonomy":"product_brand","embeddable":true,"href":"https:\/\/lebouquet.brstdev.com\/fr\/wp-json\/wp\/v2\/product_brand?post=51726"},{"taxonomy":"product_cat","embeddable":true,"href":"https:\/\/lebouquet.brstdev.com\/fr\/wp-json\/wp\/v2\/product_cat?post=51726"},{"taxonomy":"product_tag","embeddable":true,"href":"https:\/\/lebouquet.brstdev.com\/fr\/wp-json\/wp\/v2\/product_tag?post=51726"}],"curies":[{"name":"wp","href":"https:\/\/api.w.org\/{rel}","templated":true}]}}