{"id":51645,"date":"2024-01-19T05:40:52","date_gmt":"2024-01-19T10:40:52","guid":{"rendered":"https:\/\/lebouquetnew.brstdev.com\/the-ftd-traditional-victorian-bouquet\/"},"modified":"2025-08-13T06:12:26","modified_gmt":"2025-08-13T10:12:26","slug":"style-victorien-de-ftd","status":"publish","type":"product","link":"https:\/\/lebouquet.brstdev.com\/fr\/style-victorien-de-ftd\/","title":{"rendered":"Style victorien de FTD"},"content":{"rendered":"<p>Voici un bouquet chic et sophistiqu\u00e9 dans lequel des lys blancs sont mis en valeur. La verdure de saison qui est ajout\u00e9e saura rehausser le caract\u00e8re convivial de ce magnifique bouquet. Convient parfaitement pour une maisonn\u00e9e ou un salon fun\u00e9raire.<\/p>\n<p>Mesure environ 40&Prime;H&nbsp;x 40&Prime;L<\/p>\n","protected":false},"excerpt":{"rendered":"<p style=\"text-align:center;\">Environ 40&Prime;H&nbsp;x 40&Prime;L<\/p>\n","protected":false},"featured_media":51638,"comment_status":"open","ping_status":"closed","template":"","meta":{"_acf_changed":false,"inline_featured_image":false},"recipe":[],"product_brand":[],"product_cat":[7622,7620,7619,7621],"product_tag":[],"class_list":{"0":"post-51645","1":"product","2":"type-product","3":"status-publish","4":"has-post-thumbnail","6":"product_cat-condoleances-pour-la-maison-funeraire","7":"product_cat-funeraire","8":"product_cat-funeral","9":"product_cat-home-sympathy-arrangement","11":"first","12":"instock","13":"shipping-taxable","14":"purchasable","15":"product-type-simple"},"acf":[],"_links":{"self":[{"href":"https:\/\/lebouquet.brstdev.com\/fr\/wp-json\/wp\/v2\/product\/51645","targetHints":{"allow":["GET"]}}],"collection":[{"href":"https:\/\/lebouquet.brstdev.com\/fr\/wp-json\/wp\/v2\/product"}],"about":[{"href":"https:\/\/lebouquet.brstdev.com\/fr\/wp-json\/wp\/v2\/types\/product"}],"replies":[{"embeddable":true,"href":"https:\/\/lebouquet.brstdev.com\/fr\/wp-json\/wp\/v2\/comments?post=51645"}],"wp:featuredmedia":[{"embeddable":true,"href":"https:\/\/lebouquet.brstdev.com\/fr\/wp-json\/wp\/v2\/media\/51638"}],"wp:attachment":[{"href":"https:\/\/lebouquet.brstdev.com\/fr\/wp-json\/wp\/v2\/media?parent=51645"}],"wp:term":[{"taxonomy":"recipe","embeddable":true,"href":"https:\/\/lebouquet.brstdev.com\/fr\/wp-json\/wp\/v2\/recipe?post=51645"},{"taxonomy":"product_brand","embeddable":true,"href":"https:\/\/lebouquet.brstdev.com\/fr\/wp-json\/wp\/v2\/product_brand?post=51645"},{"taxonomy":"product_cat","embeddable":true,"href":"https:\/\/lebouquet.brstdev.com\/fr\/wp-json\/wp\/v2\/product_cat?post=51645"},{"taxonomy":"product_tag","embeddable":true,"href":"https:\/\/lebouquet.brstdev.com\/fr\/wp-json\/wp\/v2\/product_tag?post=51645"}],"curies":[{"name":"wp","href":"https:\/\/api.w.org\/{rel}","templated":true}]}}