{"id":51627,"date":"2024-01-19T05:40:38","date_gmt":"2024-01-19T10:40:38","guid":{"rendered":"https:\/\/lebouquetnew.brstdev.com\/our-hearts-speak-to-you-standing-heart\/"},"modified":"2025-08-13T06:12:26","modified_gmt":"2025-08-13T10:12:26","slug":"coeur-devoue","status":"publish","type":"product","link":"https:\/\/lebouquet.brstdev.com\/fr\/coeur-devoue\/","title":{"rendered":"Coeur d\u00e9vou\u00e9"},"content":{"rendered":"<p>Ce c\u0153ur saura exprimer les condol\u00e9ances les plus sinc\u00e8res. Un c\u0153ur d&rsquo;\u0153illets jaune p\u00e2le bord\u00e9 par des feuilles de citronnier entourent bien les cinq roses ivoire soutenues par un&nbsp;\u00e9l\u00e9gant ruban.&nbsp;Environ&nbsp;24&Prime;H&nbsp;x 22&Prime;L.<\/p>\n","protected":false},"excerpt":{"rendered":"<p style=\"text-align:center;\">24&Prime;H&nbsp;x 22&Prime;L<\/p>\n","protected":false},"featured_media":51620,"comment_status":"open","ping_status":"closed","template":"","meta":{"_acf_changed":false,"inline_featured_image":false},"recipe":[],"product_brand":[],"product_cat":[7632,7620,7619,7631],"product_tag":[],"class_list":{"0":"post-51627","1":"product","2":"type-product","3":"status-publish","4":"has-post-thumbnail","6":"product_cat-arrangements-en-forme-de-coeur-funeraire","7":"product_cat-funeraire","8":"product_cat-funeral","9":"product_cat-heart-shaped-arrangements","11":"first","12":"instock","13":"shipping-taxable","14":"purchasable","15":"product-type-simple"},"acf":[],"_links":{"self":[{"href":"https:\/\/lebouquet.brstdev.com\/fr\/wp-json\/wp\/v2\/product\/51627","targetHints":{"allow":["GET"]}}],"collection":[{"href":"https:\/\/lebouquet.brstdev.com\/fr\/wp-json\/wp\/v2\/product"}],"about":[{"href":"https:\/\/lebouquet.brstdev.com\/fr\/wp-json\/wp\/v2\/types\/product"}],"replies":[{"embeddable":true,"href":"https:\/\/lebouquet.brstdev.com\/fr\/wp-json\/wp\/v2\/comments?post=51627"}],"wp:featuredmedia":[{"embeddable":true,"href":"https:\/\/lebouquet.brstdev.com\/fr\/wp-json\/wp\/v2\/media\/51620"}],"wp:attachment":[{"href":"https:\/\/lebouquet.brstdev.com\/fr\/wp-json\/wp\/v2\/media?parent=51627"}],"wp:term":[{"taxonomy":"recipe","embeddable":true,"href":"https:\/\/lebouquet.brstdev.com\/fr\/wp-json\/wp\/v2\/recipe?post=51627"},{"taxonomy":"product_brand","embeddable":true,"href":"https:\/\/lebouquet.brstdev.com\/fr\/wp-json\/wp\/v2\/product_brand?post=51627"},{"taxonomy":"product_cat","embeddable":true,"href":"https:\/\/lebouquet.brstdev.com\/fr\/wp-json\/wp\/v2\/product_cat?post=51627"},{"taxonomy":"product_tag","embeddable":true,"href":"https:\/\/lebouquet.brstdev.com\/fr\/wp-json\/wp\/v2\/product_tag?post=51627"}],"curies":[{"name":"wp","href":"https:\/\/api.w.org\/{rel}","templated":true}]}}