{"id":51507,"date":"2024-01-19T05:38:53","date_gmt":"2024-01-19T10:38:53","guid":{"rendered":"https:\/\/lebouquetnew.brstdev.com\/boy-or-girl-power-bouquet\/"},"modified":"2025-08-13T06:12:30","modified_gmt":"2025-08-13T10:12:30","slug":"bouquet-du-premier-souffle","status":"publish","type":"product","link":"https:\/\/lebouquet.brstdev.com\/fr\/bouquet-du-premier-souffle\/","title":{"rendered":"Bouquet du premier souffle"},"content":{"rendered":"<p>Ce bouquet rassemble des roses, des oeillets et&nbsp;des lys asiatiques pour offrir vos plus doux sentiments \u00e0 l&rsquo;occasion d&rsquo;une naissance.&nbsp;Le bouquet agr\u00e9ment\u00e9 d&rsquo;une magnifique verdure est arrang\u00e9&nbsp;dans un&nbsp;vase carr\u00e9 en verre clair.<\/p>\n","protected":false},"excerpt":{"rendered":"<figure class=\"table\" style=\"width:300px\">\n<table>\n<tbody>\n<tr>\n<td>Standard<\/td>\n<td>&#8211;&nbsp;10&nbsp;tiges<\/td>\n<td>Environ<\/td>\n<td>&#8211;&nbsp;14&Prime;&nbsp;H x 10&Prime;L<\/td>\n<\/tr>\n<tr>\n<td>De luxe<\/td>\n<td>&#8211;&nbsp;16&nbsp;tiges<\/td>\n<td>Environ<\/td>\n<td>&#8211;&nbsp;16&Prime;H x 13&Prime;L<\/td>\n<\/tr>\n<tr>\n<td>Premium<\/td>\n<td>&#8211; 21&nbsp;tiges<\/td>\n<td>Environ<\/td>\n<td>&#8211;&nbsp;17&Prime;H&nbsp;x 15&Prime;&nbsp;L<\/td>\n<\/tr>\n<\/tbody>\n<\/table>\n<\/figure>\n","protected":false},"featured_media":51493,"comment_status":"open","ping_status":"closed","template":"","meta":{"_acf_changed":false,"inline_featured_image":false},"recipe":[],"product_brand":[],"product_cat":[7569,7594,7593,17153],"product_tag":[],"class_list":{"0":"post-51507","1":"product","2":"type-product","3":"status-publish","4":"has-post-thumbnail","6":"product_cat-occasions","7":"product_cat-naissances-evenements","8":"product_cat-newborn","9":"product_cat-occasions-fr","11":"first","12":"instock","13":"shipping-taxable","14":"purchasable","15":"product-type-simple"},"acf":[],"_links":{"self":[{"href":"https:\/\/lebouquet.brstdev.com\/fr\/wp-json\/wp\/v2\/product\/51507","targetHints":{"allow":["GET"]}}],"collection":[{"href":"https:\/\/lebouquet.brstdev.com\/fr\/wp-json\/wp\/v2\/product"}],"about":[{"href":"https:\/\/lebouquet.brstdev.com\/fr\/wp-json\/wp\/v2\/types\/product"}],"replies":[{"embeddable":true,"href":"https:\/\/lebouquet.brstdev.com\/fr\/wp-json\/wp\/v2\/comments?post=51507"}],"wp:featuredmedia":[{"embeddable":true,"href":"https:\/\/lebouquet.brstdev.com\/fr\/wp-json\/wp\/v2\/media\/51493"}],"wp:attachment":[{"href":"https:\/\/lebouquet.brstdev.com\/fr\/wp-json\/wp\/v2\/media?parent=51507"}],"wp:term":[{"taxonomy":"recipe","embeddable":true,"href":"https:\/\/lebouquet.brstdev.com\/fr\/wp-json\/wp\/v2\/recipe?post=51507"},{"taxonomy":"product_brand","embeddable":true,"href":"https:\/\/lebouquet.brstdev.com\/fr\/wp-json\/wp\/v2\/product_brand?post=51507"},{"taxonomy":"product_cat","embeddable":true,"href":"https:\/\/lebouquet.brstdev.com\/fr\/wp-json\/wp\/v2\/product_cat?post=51507"},{"taxonomy":"product_tag","embeddable":true,"href":"https:\/\/lebouquet.brstdev.com\/fr\/wp-json\/wp\/v2\/product_tag?post=51507"}],"curies":[{"name":"wp","href":"https:\/\/api.w.org\/{rel}","templated":true}]}}