{"id":51246,"date":"2024-01-19T05:34:25","date_gmt":"2024-01-19T10:34:25","guid":{"rendered":"https:\/\/lebouquetnew.brstdev.com\/bouquet-of-daisies\/"},"modified":"2024-04-19T15:20:25","modified_gmt":"2024-04-19T19:20:25","slug":"bouquet-of-daisies","status":"publish","type":"product","link":"https:\/\/lebouquet.brstdev.com\/fr\/bouquet-of-daisies\/","title":{"rendered":"Bouquet de marguerites"},"content":{"rendered":"<p>Voici un beau bouquet de marguerites avec un&nbsp;arc-en-ciel de couleurs. Ces fleurs durables am\u00e8neront la fra\u00eecheur printanni\u00e8re dans votre maison.Choisissez votre couleur pr\u00e9f\u00e9r\u00e9\u00e9 et votre taille d\u00e9sir\u00e9e ci-bas.<\/p>\n<p><strong>Standard &nbsp;&#8211; &nbsp;<\/strong>10 tiges&nbsp;<strong>&nbsp; &nbsp;&nbsp;<\/strong>environ&nbsp;22&Prime;H&nbsp;x 12&Prime;L<\/p>\n<p><strong>De Luxe &#8211; &nbsp; &nbsp;<\/strong>15 tiges&nbsp;&nbsp;<strong> &nbsp;&nbsp;<\/strong>environ&nbsp;22&Prime;H&nbsp;x 15&Prime;L<\/p>\n<p><strong>Premium &#8211; &nbsp;<\/strong>20 tiges &nbsp; &nbsp;&nbsp;environ&nbsp;22&Prime;H&nbsp;x 18&Prime;L<\/p>\n","protected":false},"excerpt":{"rendered":"<p style=\"text-align:center\"><strong>Standard &nbsp;&#8211; &nbsp;<\/strong>10 tiges&nbsp;<strong>&nbsp; &nbsp;&nbsp;<\/strong>environ&nbsp;22&Prime;H&nbsp;x 12&Prime;L<\/p>\n<p style=\"text-align:center\"><strong>De Luxe &#8211; &nbsp; &nbsp;<\/strong>15 tiges&nbsp;&nbsp;<strong> &nbsp;&nbsp;<\/strong>environ&nbsp;22&Prime;H&nbsp;x 15&Prime;L<\/p>\n<p style=\"text-align:center\"><strong>Premium &#8211; &nbsp;<\/strong>20 tiges &nbsp; &nbsp;&nbsp;environ&nbsp;22&Prime;H&nbsp;x 18&Prime;L<\/p>\n","protected":false},"featured_media":0,"comment_status":"open","ping_status":"closed","template":"","meta":{"_acf_changed":false},"recipe":[],"product_brand":[],"product_cat":[15],"product_tag":[],"class_list":{"0":"post-51246","1":"product","2":"type-product","3":"status-publish","5":"product_cat-uncategorized","7":"first","8":"instock","9":"shipping-taxable","10":"purchasable","11":"product-type-simple"},"acf":[],"_links":{"self":[{"href":"https:\/\/lebouquet.brstdev.com\/fr\/wp-json\/wp\/v2\/product\/51246","targetHints":{"allow":["GET"]}}],"collection":[{"href":"https:\/\/lebouquet.brstdev.com\/fr\/wp-json\/wp\/v2\/product"}],"about":[{"href":"https:\/\/lebouquet.brstdev.com\/fr\/wp-json\/wp\/v2\/types\/product"}],"replies":[{"embeddable":true,"href":"https:\/\/lebouquet.brstdev.com\/fr\/wp-json\/wp\/v2\/comments?post=51246"}],"wp:attachment":[{"href":"https:\/\/lebouquet.brstdev.com\/fr\/wp-json\/wp\/v2\/media?parent=51246"}],"wp:term":[{"taxonomy":"recipe","embeddable":true,"href":"https:\/\/lebouquet.brstdev.com\/fr\/wp-json\/wp\/v2\/recipe?post=51246"},{"taxonomy":"product_brand","embeddable":true,"href":"https:\/\/lebouquet.brstdev.com\/fr\/wp-json\/wp\/v2\/product_brand?post=51246"},{"taxonomy":"product_cat","embeddable":true,"href":"https:\/\/lebouquet.brstdev.com\/fr\/wp-json\/wp\/v2\/product_cat?post=51246"},{"taxonomy":"product_tag","embeddable":true,"href":"https:\/\/lebouquet.brstdev.com\/fr\/wp-json\/wp\/v2\/product_tag?post=51246"}],"curies":[{"name":"wp","href":"https:\/\/api.w.org\/{rel}","templated":true}]}}