{"id":51062,"date":"2024-01-19T04:54:13","date_gmt":"2024-01-19T09:54:13","guid":{"rendered":"https:\/\/lebouquetnew.brstdev.com\/hyacinth-bulbs\/"},"modified":"2025-08-13T06:12:41","modified_gmt":"2025-08-13T10:12:41","slug":"jacinthe","status":"publish","type":"product","link":"https:\/\/lebouquet.brstdev.com\/fr\/jacinthe\/","title":{"rendered":"Jacinthe"},"content":{"rendered":"<p>Cette plante a un parfum et un regard magnifiques.<\/p>\n<p>Il s&rsquo;agit d&rsquo;une plante \u00e0 bulbe avec des feuilles d&rsquo;environ 30 cm de long, surmont\u00e9es d&rsquo;une inflorescence de fleurs blanches ou bleues. Elle se pla\u00eet dans la lumi\u00e8re du soleil indirecte venant de l&rsquo;est ou de l&rsquo;ouest. Vaporisez de temps en temps avec de l&rsquo;eau chaude (sans calcaire pour \u00e9viter de tacher les feuilles). La rotation de cette plante \u00e0 la lumi\u00e8re est importante pour obtenir une croissance \u00e9gale. Cette plante n&rsquo;aime pas \u00eatre trop arros\u00e9e.<\/p>\n<p>Plantez votre jacinthe \u00e0 l&rsquo;ext\u00e9rieur \u00e0 l&rsquo;automne et profitez de votre plante pour toujours!<\/p>\n","protected":false},"excerpt":{"rendered":"<p>Cette plante a un parfum et un regard magnifiques. Il s&rsquo;agit d&rsquo;une plante \u00e0 bulbe avec des feuilles d&rsquo;environ 30 cm de long, surmont\u00e9es d&rsquo;une inflorescence de fleurs blanches ou bleues. Elle se pla\u00eet dans la lumi\u00e8re du soleil indirecte venant de l&rsquo;est ou de l&rsquo;ouest. Vaporisez de temps en temps avec de l&rsquo;eau chaude [&hellip;]<\/p>\n","protected":false},"featured_media":51050,"comment_status":"open","ping_status":"closed","template":"","meta":{"_acf_changed":false,"inline_featured_image":false},"recipe":[],"product_brand":[],"product_cat":[7597,7645,7569,17153,7598,18053,7646,18052,7554,7553,18142,18141],"product_tag":[],"class_list":{"0":"post-51062","1":"product","2":"type-product","3":"status-publish","4":"has-post-thumbnail","6":"product_cat-easter","7":"product_cat-flowering-and-green-plants","8":"product_cat-occasions","9":"product_cat-occasions-fr","10":"product_cat-paques","11":"product_cat-plantes","12":"product_cat-plantes-vertes-et-fleuries","13":"product_cat-plants","14":"product_cat-populaires","15":"product_cat-popular","16":"product_cat-printemps","17":"product_cat-spring","19":"first","20":"instock","21":"shipping-taxable","22":"purchasable","23":"product-type-simple"},"acf":[],"_links":{"self":[{"href":"https:\/\/lebouquet.brstdev.com\/fr\/wp-json\/wp\/v2\/product\/51062","targetHints":{"allow":["GET"]}}],"collection":[{"href":"https:\/\/lebouquet.brstdev.com\/fr\/wp-json\/wp\/v2\/product"}],"about":[{"href":"https:\/\/lebouquet.brstdev.com\/fr\/wp-json\/wp\/v2\/types\/product"}],"replies":[{"embeddable":true,"href":"https:\/\/lebouquet.brstdev.com\/fr\/wp-json\/wp\/v2\/comments?post=51062"}],"wp:featuredmedia":[{"embeddable":true,"href":"https:\/\/lebouquet.brstdev.com\/fr\/wp-json\/wp\/v2\/media\/51050"}],"wp:attachment":[{"href":"https:\/\/lebouquet.brstdev.com\/fr\/wp-json\/wp\/v2\/media?parent=51062"}],"wp:term":[{"taxonomy":"recipe","embeddable":true,"href":"https:\/\/lebouquet.brstdev.com\/fr\/wp-json\/wp\/v2\/recipe?post=51062"},{"taxonomy":"product_brand","embeddable":true,"href":"https:\/\/lebouquet.brstdev.com\/fr\/wp-json\/wp\/v2\/product_brand?post=51062"},{"taxonomy":"product_cat","embeddable":true,"href":"https:\/\/lebouquet.brstdev.com\/fr\/wp-json\/wp\/v2\/product_cat?post=51062"},{"taxonomy":"product_tag","embeddable":true,"href":"https:\/\/lebouquet.brstdev.com\/fr\/wp-json\/wp\/v2\/product_tag?post=51062"}],"curies":[{"name":"wp","href":"https:\/\/api.w.org\/{rel}","templated":true}]}}