{"id":50922,"date":"2024-01-19T04:51:02","date_gmt":"2024-01-19T09:51:02","guid":{"rendered":"https:\/\/lebouquetnew.brstdev.com\/rose-abundance\/"},"modified":"2025-08-13T06:12:45","modified_gmt":"2025-08-13T10:12:45","slug":"rose-abundance","status":"publish","type":"product","link":"https:\/\/lebouquet.brstdev.com\/fr\/rose-abundance\/","title":{"rendered":"Abondance de roses"},"content":{"rendered":"<p>\u00c9l\u00e9gance et simplicit\u00e9 vont de pair dans ce magnifique arrangement de roses, delicatement agr\u00e9ment\u00e9es de gypsophile (soupir de b\u00e9b\u00e9)&nbsp;et de verdure luxuriante. Choisissez votre couleur pr\u00e9f\u00e9r\u00e9e et la taille d\u00e9sir\u00e9e. Nos cr\u00e9ateurs pr\u00e9parerons ce magnifique arrangement afin de partager votre amour avec l&rsquo;\u00eatre cher.&nbsp;<\/p>\n","protected":false},"excerpt":{"rendered":"<figure class=\"table\" style=\"width:375px\">\n<table>\n<tbody>\n<tr>\n<td>Standard<\/td>\n<td>&#8211; 24 roses<\/td>\n<td>Environ<\/td>\n<td>&#8211; 32&Prime;H x 32&Prime;L<\/td>\n<\/tr>\n<tr>\n<td>De luxe<\/td>\n<td>&#8211;&nbsp; 30 roses<\/td>\n<td>Environ<\/td>\n<td>&#8211; 32&Prime;H x 32&Prime;L<\/td>\n<\/tr>\n<tr>\n<td>Premium<\/td>\n<td>&#8211; 36 roses<\/td>\n<td>Environ<\/td>\n<td>&#8211; 33&Prime;H x 34&Prime;L<\/td>\n<\/tr>\n<tr>\n<td>Exquis<\/td>\n<td>&#8211; 48 roses<\/td>\n<td>Environ<\/td>\n<td>&#8211; 35&Prime;H x 36&Prime;L<\/td>\n<\/tr>\n<\/tbody>\n<\/table>\n<\/figure>\n","protected":false},"featured_media":50852,"comment_status":"open","ping_status":"closed","template":"","meta":{"_acf_changed":false,"inline_featured_image":false},"recipe":[],"product_brand":[],"product_cat":[7626,7620,7625,7619],"product_tag":[],"class_list":{"0":"post-50922","1":"product","2":"type-product","3":"status-publish","4":"has-post-thumbnail","6":"product_cat-arrangements-pour-les-etablissements-funeraires-funeraire","7":"product_cat-funeraire","8":"product_cat-funeral-establishment-arrangements","9":"product_cat-funeral","11":"first","12":"instock","13":"shipping-taxable","14":"purchasable","15":"product-type-simple"},"acf":[],"_links":{"self":[{"href":"https:\/\/lebouquet.brstdev.com\/fr\/wp-json\/wp\/v2\/product\/50922","targetHints":{"allow":["GET"]}}],"collection":[{"href":"https:\/\/lebouquet.brstdev.com\/fr\/wp-json\/wp\/v2\/product"}],"about":[{"href":"https:\/\/lebouquet.brstdev.com\/fr\/wp-json\/wp\/v2\/types\/product"}],"replies":[{"embeddable":true,"href":"https:\/\/lebouquet.brstdev.com\/fr\/wp-json\/wp\/v2\/comments?post=50922"}],"wp:featuredmedia":[{"embeddable":true,"href":"https:\/\/lebouquet.brstdev.com\/fr\/wp-json\/wp\/v2\/media\/50852"}],"wp:attachment":[{"href":"https:\/\/lebouquet.brstdev.com\/fr\/wp-json\/wp\/v2\/media?parent=50922"}],"wp:term":[{"taxonomy":"recipe","embeddable":true,"href":"https:\/\/lebouquet.brstdev.com\/fr\/wp-json\/wp\/v2\/recipe?post=50922"},{"taxonomy":"product_brand","embeddable":true,"href":"https:\/\/lebouquet.brstdev.com\/fr\/wp-json\/wp\/v2\/product_brand?post=50922"},{"taxonomy":"product_cat","embeddable":true,"href":"https:\/\/lebouquet.brstdev.com\/fr\/wp-json\/wp\/v2\/product_cat?post=50922"},{"taxonomy":"product_tag","embeddable":true,"href":"https:\/\/lebouquet.brstdev.com\/fr\/wp-json\/wp\/v2\/product_tag?post=50922"}],"curies":[{"name":"wp","href":"https:\/\/api.w.org\/{rel}","templated":true}]}}