{"id":50587,"date":"2024-01-19T04:41:36","date_gmt":"2024-01-19T09:41:36","guid":{"rendered":"https:\/\/lebouquetnew.brstdev.com\/tribute-to-a-grandmother\/"},"modified":"2025-08-13T06:13:03","modified_gmt":"2025-08-13T10:13:03","slug":"hommage-a-grand-maman","status":"publish","type":"product","link":"https:\/\/lebouquet.brstdev.com\/fr\/hommage-a-grand-maman\/","title":{"rendered":"Hommage \u00e0 Grand-maman"},"content":{"rendered":"<p>Trois c\u0153urs, chacun d&rsquo;une couleur diff\u00e9rente, sont&nbsp;magnifiquement rehauss\u00e9s de&nbsp;gypsophiles et d&rsquo;un feuillage verdoyant.&nbsp;Fix\u00e9 et inclin\u00e9, cet arrangement rendra gr\u00e2ce \u00e0 tous les beaux moments pass\u00e9s en compagnie de votre grand-m\u00e8re pr\u00e9f\u00e9r\u00e9e.&nbsp;Environ 64&Prime;L x 24&Prime;H<\/p>\n","protected":false},"excerpt":{"rendered":"<p style=\"text-align:center;\">64&Prime;L x 24&Prime;H<\/p>\n","protected":false},"featured_media":50581,"comment_status":"open","ping_status":"closed","template":"","meta":{"_acf_changed":false,"inline_featured_image":false},"recipe":[],"product_brand":[],"product_cat":[7632,7620,7619,7631],"product_tag":[],"class_list":{"0":"post-50587","1":"product","2":"type-product","3":"status-publish","4":"has-post-thumbnail","6":"product_cat-arrangements-en-forme-de-coeur-funeraire","7":"product_cat-funeraire","8":"product_cat-funeral","9":"product_cat-heart-shaped-arrangements","11":"first","12":"instock","13":"shipping-taxable","14":"purchasable","15":"product-type-simple"},"acf":[],"_links":{"self":[{"href":"https:\/\/lebouquet.brstdev.com\/fr\/wp-json\/wp\/v2\/product\/50587","targetHints":{"allow":["GET"]}}],"collection":[{"href":"https:\/\/lebouquet.brstdev.com\/fr\/wp-json\/wp\/v2\/product"}],"about":[{"href":"https:\/\/lebouquet.brstdev.com\/fr\/wp-json\/wp\/v2\/types\/product"}],"replies":[{"embeddable":true,"href":"https:\/\/lebouquet.brstdev.com\/fr\/wp-json\/wp\/v2\/comments?post=50587"}],"wp:featuredmedia":[{"embeddable":true,"href":"https:\/\/lebouquet.brstdev.com\/fr\/wp-json\/wp\/v2\/media\/50581"}],"wp:attachment":[{"href":"https:\/\/lebouquet.brstdev.com\/fr\/wp-json\/wp\/v2\/media?parent=50587"}],"wp:term":[{"taxonomy":"recipe","embeddable":true,"href":"https:\/\/lebouquet.brstdev.com\/fr\/wp-json\/wp\/v2\/recipe?post=50587"},{"taxonomy":"product_brand","embeddable":true,"href":"https:\/\/lebouquet.brstdev.com\/fr\/wp-json\/wp\/v2\/product_brand?post=50587"},{"taxonomy":"product_cat","embeddable":true,"href":"https:\/\/lebouquet.brstdev.com\/fr\/wp-json\/wp\/v2\/product_cat?post=50587"},{"taxonomy":"product_tag","embeddable":true,"href":"https:\/\/lebouquet.brstdev.com\/fr\/wp-json\/wp\/v2\/product_tag?post=50587"}],"curies":[{"name":"wp","href":"https:\/\/api.w.org\/{rel}","templated":true}]}}