{"id":50579,"date":"2024-01-19T04:41:29","date_gmt":"2024-01-19T09:41:29","guid":{"rendered":"https:\/\/lebouquetnew.brstdev.com\/4-intertwining-hearts\/"},"modified":"2025-08-13T06:13:03","modified_gmt":"2025-08-13T10:13:03","slug":"les-quatre-coeurs","status":"publish","type":"product","link":"https:\/\/lebouquet.brstdev.com\/fr\/les-quatre-coeurs\/","title":{"rendered":"Les quatre coeurs"},"content":{"rendered":"<p>Voici une pi\u00e8ce compos\u00e9e de quatre c\u0153urs juxtapos\u00e9s dans les teintes de rose et de blanc, chacun rehauss\u00e9 d&rsquo;un tour de gypsophile. Pour t\u00e9moigner, par exemple, de l&rsquo;amour des quatre petits-enfants. Environ 58&Prime;L x 44&Prime;H.<\/p>\n","protected":false},"excerpt":{"rendered":"<p>Voici une pi\u00e8ce compos\u00e9e de quatre c\u0153urs juxtapos\u00e9s dans les teintes de rose et de blanc, chacun rehauss\u00e9 d&rsquo;un tour de gypsophile. Pour t\u00e9moigner, par exemple, de l&rsquo;amour des quatre petits-enfants. Environ 58&Prime;L x 44&Prime;H.<\/p>\n","protected":false},"featured_media":50571,"comment_status":"open","ping_status":"closed","template":"","meta":{"_acf_changed":false,"inline_featured_image":false},"recipe":[],"product_brand":[],"product_cat":[7623,7620,7619,7624],"product_tag":[],"class_list":{"0":"post-50579","1":"product","2":"type-product","3":"status-publish","4":"has-post-thumbnail","6":"product_cat-customized-specialties","7":"product_cat-funeraire","8":"product_cat-funeral","9":"product_cat-pieces-personnalisees-funeraire","11":"first","12":"instock","13":"shipping-taxable","14":"purchasable","15":"product-type-simple"},"acf":[],"_links":{"self":[{"href":"https:\/\/lebouquet.brstdev.com\/fr\/wp-json\/wp\/v2\/product\/50579","targetHints":{"allow":["GET"]}}],"collection":[{"href":"https:\/\/lebouquet.brstdev.com\/fr\/wp-json\/wp\/v2\/product"}],"about":[{"href":"https:\/\/lebouquet.brstdev.com\/fr\/wp-json\/wp\/v2\/types\/product"}],"replies":[{"embeddable":true,"href":"https:\/\/lebouquet.brstdev.com\/fr\/wp-json\/wp\/v2\/comments?post=50579"}],"wp:featuredmedia":[{"embeddable":true,"href":"https:\/\/lebouquet.brstdev.com\/fr\/wp-json\/wp\/v2\/media\/50571"}],"wp:attachment":[{"href":"https:\/\/lebouquet.brstdev.com\/fr\/wp-json\/wp\/v2\/media?parent=50579"}],"wp:term":[{"taxonomy":"recipe","embeddable":true,"href":"https:\/\/lebouquet.brstdev.com\/fr\/wp-json\/wp\/v2\/recipe?post=50579"},{"taxonomy":"product_brand","embeddable":true,"href":"https:\/\/lebouquet.brstdev.com\/fr\/wp-json\/wp\/v2\/product_brand?post=50579"},{"taxonomy":"product_cat","embeddable":true,"href":"https:\/\/lebouquet.brstdev.com\/fr\/wp-json\/wp\/v2\/product_cat?post=50579"},{"taxonomy":"product_tag","embeddable":true,"href":"https:\/\/lebouquet.brstdev.com\/fr\/wp-json\/wp\/v2\/product_tag?post=50579"}],"curies":[{"name":"wp","href":"https:\/\/api.w.org\/{rel}","templated":true}]}}