{"id":50567,"date":"2024-01-19T04:41:21","date_gmt":"2024-01-19T09:41:21","guid":{"rendered":"https:\/\/lebouquetnew.brstdev.com\/spiderman\/"},"modified":"2025-08-13T06:13:04","modified_gmt":"2025-08-13T10:13:04","slug":"spiderman","status":"publish","type":"product","link":"https:\/\/lebouquet.brstdev.com\/fr\/spiderman\/","title":{"rendered":"Spiderman"},"content":{"rendered":"<p>Des \u0153illets et des chrysanth\u00e8mes sont dispos\u00e9s de fa\u00e7on&nbsp;\u00e0 cr\u00e9er l&rsquo;image de Spiderman sur une toile de fond qui repr\u00e9sente la ville. Pour souligner le d\u00e9part de la personne qui \u00e9tait \u00e0 vos yeux un h\u00e9ros. Environ 48&Prime;L x 72&Prime;H.<\/p>\n","protected":false},"excerpt":{"rendered":"<p>Des \u0153illets et des chrysanth\u00e8mes sont dispos\u00e9s de fa\u00e7on&nbsp;\u00e0 cr\u00e9er l&rsquo;image de Spiderman sur une toile de fond qui repr\u00e9sente la ville. Pour souligner le d\u00e9part de la personne qui \u00e9tait \u00e0 vos yeux un h\u00e9ros. Environ 48&Prime;L x 72&Prime;H.<\/p>\n","protected":false},"featured_media":50560,"comment_status":"open","ping_status":"closed","template":"","meta":{"_acf_changed":false,"inline_featured_image":false},"recipe":[],"product_brand":[],"product_cat":[7623,7620,7619,7624],"product_tag":[],"class_list":{"0":"post-50567","1":"product","2":"type-product","3":"status-publish","4":"has-post-thumbnail","6":"product_cat-customized-specialties","7":"product_cat-funeraire","8":"product_cat-funeral","9":"product_cat-pieces-personnalisees-funeraire","11":"first","12":"instock","13":"shipping-taxable","14":"purchasable","15":"product-type-simple"},"acf":[],"_links":{"self":[{"href":"https:\/\/lebouquet.brstdev.com\/fr\/wp-json\/wp\/v2\/product\/50567","targetHints":{"allow":["GET"]}}],"collection":[{"href":"https:\/\/lebouquet.brstdev.com\/fr\/wp-json\/wp\/v2\/product"}],"about":[{"href":"https:\/\/lebouquet.brstdev.com\/fr\/wp-json\/wp\/v2\/types\/product"}],"replies":[{"embeddable":true,"href":"https:\/\/lebouquet.brstdev.com\/fr\/wp-json\/wp\/v2\/comments?post=50567"}],"wp:featuredmedia":[{"embeddable":true,"href":"https:\/\/lebouquet.brstdev.com\/fr\/wp-json\/wp\/v2\/media\/50560"}],"wp:attachment":[{"href":"https:\/\/lebouquet.brstdev.com\/fr\/wp-json\/wp\/v2\/media?parent=50567"}],"wp:term":[{"taxonomy":"recipe","embeddable":true,"href":"https:\/\/lebouquet.brstdev.com\/fr\/wp-json\/wp\/v2\/recipe?post=50567"},{"taxonomy":"product_brand","embeddable":true,"href":"https:\/\/lebouquet.brstdev.com\/fr\/wp-json\/wp\/v2\/product_brand?post=50567"},{"taxonomy":"product_cat","embeddable":true,"href":"https:\/\/lebouquet.brstdev.com\/fr\/wp-json\/wp\/v2\/product_cat?post=50567"},{"taxonomy":"product_tag","embeddable":true,"href":"https:\/\/lebouquet.brstdev.com\/fr\/wp-json\/wp\/v2\/product_tag?post=50567"}],"curies":[{"name":"wp","href":"https:\/\/api.w.org\/{rel}","templated":true}]}}