{"id":50510,"date":"2024-01-19T04:38:26","date_gmt":"2024-01-19T09:38:26","guid":{"rendered":"https:\/\/lebouquetnew.brstdev.com\/mixed-bouquet\/"},"modified":"2026-04-22T15:19:54","modified_gmt":"2026-04-22T19:19:54","slug":"bouquet-festif","status":"publish","type":"product","link":"https:\/\/lebouquet.brstdev.com\/fr\/bouquet-festif\/","title":{"rendered":"Bouquet festif"},"content":{"rendered":"<p>D\u00e9couvrez notre \u00ab\u00a0Bouquet Festif\u00a0\u00bb, une c\u00e9l\u00e9bration \u00e9clatante de couleurs et de textures qui promet d&rsquo;\u00eatre la pi\u00e8ce ma\u00eetresse de toute pi\u00e8ce. Ce bouquet est un arrangement magistral de diverses fleurs, chacune choisie pour sa beaut\u00e9 unique et son esth\u00e9tique compl\u00e9mentaire. La composition florale comprend des roses, symboles d&rsquo;amour et de gratitude; des gerberas vibrants, reflets de gaiet\u00e9; et des lys \u00e9l\u00e9gants, qui repr\u00e9sentent la puret\u00e9 et la d\u00e9votion. Parmi ceux-ci se trouvent des \u00e9clats d&rsquo;autres fleurs de saison et de verdure, cr\u00e9ant une riche tapisserie des plus beaux attraits de la nature.<\/p>\n<p>Parfait pour c\u00e9l\u00e9brer les moments sp\u00e9ciaux de la vie ou simplement pour apporter une explosion de joie au quotidien, le Bouquet Festif est con\u00e7u pour s&rsquo;adapter \u00e0 votre style personnel ou au th\u00e8me de votre \u00e9v\u00e9nement. Chaque variante conserve le charme d\u00e9licieux et la pl\u00e9nitude du bouquet, adapt\u00e9e dans la gamme de couleurs qui refl\u00e8te le mieux votre sentiment.<\/p>\n","protected":false},"excerpt":{"rendered":"<ul>\n<li>Standard &#8211; environ 12&Prime; L x 12&Prime; l x 17&Prime; h<\/li>\n<li>De luxe &#8211; environ 14&Prime; L x 14&Prime; l x 20&Prime; h<\/li>\n<li>Premium &#8211; environ 16&Prime; L x 16&Prime; l x 22&Prime; h<\/li>\n<li>Exquis &#8211; environ 18&Prime; L x 18&Prime; l x 24&Prime; h<\/li>\n<\/ul>\n<p>&nbsp;<\/p>\n","protected":false},"featured_media":90917,"comment_status":"open","ping_status":"closed","template":"","meta":{"_acf_changed":false},"recipe":[],"product_brand":[],"product_cat":[7592,7564,7588,7560,17153,7574,7554,17154],"product_tag":[],"class_list":{"0":"post-50510","1":"product","2":"type-product","3":"status-publish","4":"has-post-thumbnail","6":"product_cat-anniversaire-de-naissance","7":"product_cat-bouquets-de-fleurs","8":"product_cat-fete-des-meres-evenements","9":"product_cat-fleurs-montreal","10":"product_cat-fleurs-occasions-montreal","11":"product_cat-journee-internationale-des-femmes","12":"product_cat-populaires","13":"product_cat-best-seller-fr","15":"first","16":"instock","17":"shipping-taxable","18":"purchasable","19":"product-type-simple"},"acf":[],"_links":{"self":[{"href":"https:\/\/lebouquet.brstdev.com\/fr\/wp-json\/wp\/v2\/product\/50510","targetHints":{"allow":["GET"]}}],"collection":[{"href":"https:\/\/lebouquet.brstdev.com\/fr\/wp-json\/wp\/v2\/product"}],"about":[{"href":"https:\/\/lebouquet.brstdev.com\/fr\/wp-json\/wp\/v2\/types\/product"}],"replies":[{"embeddable":true,"href":"https:\/\/lebouquet.brstdev.com\/fr\/wp-json\/wp\/v2\/comments?post=50510"}],"wp:featuredmedia":[{"embeddable":true,"href":"https:\/\/lebouquet.brstdev.com\/fr\/wp-json\/wp\/v2\/media\/90917"}],"wp:attachment":[{"href":"https:\/\/lebouquet.brstdev.com\/fr\/wp-json\/wp\/v2\/media?parent=50510"}],"wp:term":[{"taxonomy":"recipe","embeddable":true,"href":"https:\/\/lebouquet.brstdev.com\/fr\/wp-json\/wp\/v2\/recipe?post=50510"},{"taxonomy":"product_brand","embeddable":true,"href":"https:\/\/lebouquet.brstdev.com\/fr\/wp-json\/wp\/v2\/product_brand?post=50510"},{"taxonomy":"product_cat","embeddable":true,"href":"https:\/\/lebouquet.brstdev.com\/fr\/wp-json\/wp\/v2\/product_cat?post=50510"},{"taxonomy":"product_tag","embeddable":true,"href":"https:\/\/lebouquet.brstdev.com\/fr\/wp-json\/wp\/v2\/product_tag?post=50510"}],"curies":[{"name":"wp","href":"https:\/\/api.w.org\/{rel}","templated":true}]}}