{"id":50088,"date":"2024-01-19T04:34:13","date_gmt":"2024-01-19T09:34:13","guid":{"rendered":"https:\/\/lebouquetnew.brstdev.com\/truly-tulips\/"},"modified":"2025-12-03T09:35:19","modified_gmt":"2025-12-03T14:35:19","slug":"tulipes-tendances","status":"publish","type":"product","link":"https:\/\/lebouquet.brstdev.com\/fr\/tulipes-tendances\/","title":{"rendered":"Tulipes Magnifiques"},"content":{"rendered":"<p><span style=\"background-color:rgb(255,255,255);color:rgb(0,0,0);font-size:14.6667px;\">Ce bouquet \u00e9clatant de tulipes cultiv\u00e9es au Canada est une c\u00e9l\u00e9bration de la beaut\u00e9 de la nature et du savoir-faire horticole local. Une symphonie de couleurs jaillit, avec des tulipes aux teintes de pourpre profond, de jaune ensoleill\u00e9, de blanc croustillant, de rose romantique et de rouge ardent. Chaque bourgeon, cultiv\u00e9 dans les r\u00e9gions fertiles du Canada, se dresse avec \u00e9l\u00e9gance, mettant en avant les courbes tendres et les textures velout\u00e9es qui sont l&rsquo;apanage des tulipes. Ces fleurs, fra\u00eeches de nos jardins locaux, incarnent non seulement la vitalit\u00e9 du printemps mais soutiennent \u00e9galement la durabilit\u00e9 et la communaut\u00e9 des agriculteurs canadiens. Parfaites pour toute occasion, ces tulipes apportent la joie et l&rsquo;essence fra\u00eeche des champs canadiens directement chez vous. &nbsp;<\/span><\/p>\n","protected":false},"excerpt":{"rendered":"<ul>\n<li>20 tiges environ-&nbsp;15\u00a0\u00bbH x 12\u00a0\u00bbL<\/li>\n<li>30 tiges environ-&nbsp;15\u00a0\u00bbH x 14\u00a0\u00bbL<\/li>\n<li>45 tiges environ-&nbsp;17\u00a0\u00bbH x 16\u00a0\u00bbL<\/li>\n<li>60 tiges environ-&nbsp;18\u00a0\u00bbH x 18\u00a0\u00bbL<\/li>\n<\/ul>\n","protected":false},"featured_media":90822,"comment_status":"open","ping_status":"closed","template":"","meta":{"_acf_changed":false,"inline_featured_image":false},"recipe":[],"product_brand":[],"product_cat":[7563,7564,7597,7588,7560,7559,7569,7567,7573,7574,7587,17153,7554,7553,18142,18141,7568,17150,17154],"product_tag":[],"class_list":{"0":"post-50088","1":"product","2":"type-product","3":"status-publish","4":"has-post-thumbnail","6":"product_cat-bouquets","7":"product_cat-bouquets-2","8":"product_cat-easter","9":"product_cat-fete-des-meres-evenements","10":"product_cat-fleurs-2-2","11":"product_cat-flowers","12":"product_cat-occasions","13":"product_cat-individual-type-varieties","14":"product_cat-international-womens-day","15":"product_cat-journee-internationale-des-femmes","16":"product_cat-mothers-day","17":"product_cat-occasions-fr","18":"product_cat-populaires","19":"product_cat-popular","20":"product_cat-printemps","21":"product_cat-spring","23":"product_cat-best-seller","24":"product_cat-best-seller-fr-2","26":"first","27":"instock","28":"shipping-taxable","29":"purchasable","30":"product-type-simple"},"acf":[],"_links":{"self":[{"href":"https:\/\/lebouquet.brstdev.com\/fr\/wp-json\/wp\/v2\/product\/50088","targetHints":{"allow":["GET"]}}],"collection":[{"href":"https:\/\/lebouquet.brstdev.com\/fr\/wp-json\/wp\/v2\/product"}],"about":[{"href":"https:\/\/lebouquet.brstdev.com\/fr\/wp-json\/wp\/v2\/types\/product"}],"replies":[{"embeddable":true,"href":"https:\/\/lebouquet.brstdev.com\/fr\/wp-json\/wp\/v2\/comments?post=50088"}],"wp:featuredmedia":[{"embeddable":true,"href":"https:\/\/lebouquet.brstdev.com\/fr\/wp-json\/wp\/v2\/media\/90822"}],"wp:attachment":[{"href":"https:\/\/lebouquet.brstdev.com\/fr\/wp-json\/wp\/v2\/media?parent=50088"}],"wp:term":[{"taxonomy":"recipe","embeddable":true,"href":"https:\/\/lebouquet.brstdev.com\/fr\/wp-json\/wp\/v2\/recipe?post=50088"},{"taxonomy":"product_brand","embeddable":true,"href":"https:\/\/lebouquet.brstdev.com\/fr\/wp-json\/wp\/v2\/product_brand?post=50088"},{"taxonomy":"product_cat","embeddable":true,"href":"https:\/\/lebouquet.brstdev.com\/fr\/wp-json\/wp\/v2\/product_cat?post=50088"},{"taxonomy":"product_tag","embeddable":true,"href":"https:\/\/lebouquet.brstdev.com\/fr\/wp-json\/wp\/v2\/product_tag?post=50088"}],"curies":[{"name":"wp","href":"https:\/\/api.w.org\/{rel}","templated":true}]}}