{"id":50016,"date":"2024-01-19T04:33:43","date_gmt":"2024-01-19T09:33:43","guid":{"rendered":"https:\/\/lebouquetnew.brstdev.com\/new-baby-basket-bear\/"},"modified":"2025-08-13T06:13:22","modified_gmt":"2025-08-13T10:13:22","slug":"panier-et-ourson-du-nouveau-ne","status":"publish","type":"product","link":"https:\/\/lebouquet.brstdev.com\/fr\/panier-et-ourson-du-nouveau-ne\/","title":{"rendered":"Panier et ourson du nouveau-n\u00e9"},"content":{"rendered":"<p>Faites un sourire et un c\u00e2lin aux nouveaux parents avec cet adorable arrangement&nbsp;que tous voudront serrer dans leurs bras. Des chrysanth\u00e8mes, des pieds-d&rsquo;alouette, des&nbsp;tournesols ainsi qu&rsquo;un ourson en peluche sont pr\u00e9sent\u00e9s&nbsp;dans un adorable panier d&rsquo;osier.<\/p>\n","protected":false},"excerpt":{"rendered":"<p>Environ &#8211; 12&Prime;L x 22&Prime;H<\/p>\n","protected":false},"featured_media":50007,"comment_status":"open","ping_status":"closed","template":"","meta":{"_acf_changed":false,"inline_featured_image":false},"recipe":[],"product_brand":[],"product_cat":[7569,7594,7593,17153],"product_tag":[],"class_list":{"0":"post-50016","1":"product","2":"type-product","3":"status-publish","4":"has-post-thumbnail","6":"product_cat-occasions","7":"product_cat-naissances-evenements","8":"product_cat-newborn","9":"product_cat-occasions-fr","11":"first","12":"instock","13":"shipping-taxable","14":"purchasable","15":"product-type-simple"},"acf":[],"_links":{"self":[{"href":"https:\/\/lebouquet.brstdev.com\/fr\/wp-json\/wp\/v2\/product\/50016","targetHints":{"allow":["GET"]}}],"collection":[{"href":"https:\/\/lebouquet.brstdev.com\/fr\/wp-json\/wp\/v2\/product"}],"about":[{"href":"https:\/\/lebouquet.brstdev.com\/fr\/wp-json\/wp\/v2\/types\/product"}],"replies":[{"embeddable":true,"href":"https:\/\/lebouquet.brstdev.com\/fr\/wp-json\/wp\/v2\/comments?post=50016"}],"wp:featuredmedia":[{"embeddable":true,"href":"https:\/\/lebouquet.brstdev.com\/fr\/wp-json\/wp\/v2\/media\/50007"}],"wp:attachment":[{"href":"https:\/\/lebouquet.brstdev.com\/fr\/wp-json\/wp\/v2\/media?parent=50016"}],"wp:term":[{"taxonomy":"recipe","embeddable":true,"href":"https:\/\/lebouquet.brstdev.com\/fr\/wp-json\/wp\/v2\/recipe?post=50016"},{"taxonomy":"product_brand","embeddable":true,"href":"https:\/\/lebouquet.brstdev.com\/fr\/wp-json\/wp\/v2\/product_brand?post=50016"},{"taxonomy":"product_cat","embeddable":true,"href":"https:\/\/lebouquet.brstdev.com\/fr\/wp-json\/wp\/v2\/product_cat?post=50016"},{"taxonomy":"product_tag","embeddable":true,"href":"https:\/\/lebouquet.brstdev.com\/fr\/wp-json\/wp\/v2\/product_tag?post=50016"}],"curies":[{"name":"wp","href":"https:\/\/api.w.org\/{rel}","templated":true}]}}