{"id":49996,"date":"2024-01-19T04:33:27","date_gmt":"2024-01-19T09:33:27","guid":{"rendered":"https:\/\/lebouquetnew.brstdev.com\/garden-delight-2\/"},"modified":"2025-08-13T06:13:23","modified_gmt":"2025-08-13T10:13:23","slug":"jardin-serenite-en-osier","status":"publish","type":"product","link":"https:\/\/lebouquet.brstdev.com\/fr\/jardin-serenite-en-osier\/","title":{"rendered":"Jardin S\u00e9r\u00e9nit\u00e9 en Osier"},"content":{"rendered":"<p>Am\u00e9liorez votre espace int\u00e9rieur avec notre magnifique jardin en plat d&rsquo;int\u00e9rieur. Install\u00e9 dans un charmant panier en osier de 15 pouces de diam\u00e8tre, cet arrangement luxuriant pr\u00e9sente une vari\u00e9t\u00e9 de plantes vertes soigneusement s\u00e9lectionn\u00e9es pour leur beaut\u00e9 et leur adaptabilit\u00e9 aux environnements int\u00e9rieurs. Chaque jardin est unique, avec une s\u00e9lection de plantes variant pour cr\u00e9er une pi\u00e8ce unique qui compl\u00e8te tout style de d\u00e9coration. Ce jardin en plat polyvalent est parfait pour ajouter une touche de nature \u00e0 votre maison ou bureau, offrant une ambiance fra\u00eeche et sereine partout o\u00f9 il est plac\u00e9.<\/p>\n","protected":false},"excerpt":{"rendered":"<p>Am\u00e9liorez votre espace int\u00e9rieur avec notre magnifique jardin en plat d&rsquo;int\u00e9rieur. Install\u00e9 dans un charmant panier en osier de 15 pouces de diam\u00e8tre, cet arrangement luxuriant pr\u00e9sente une vari\u00e9t\u00e9 de plantes vertes soigneusement s\u00e9lectionn\u00e9es pour leur beaut\u00e9 et leur adaptabilit\u00e9 aux environnements int\u00e9rieurs. Chaque jardin est unique, avec une s\u00e9lection de plantes variant pour cr\u00e9er [&hellip;]<\/p>\n","protected":false},"featured_media":97685,"comment_status":"open","ping_status":"closed","template":"","meta":{"_acf_changed":false,"inline_featured_image":false},"recipe":[],"product_brand":[],"product_cat":[7641,7645,7642,18053,7646,18052],"product_tag":[],"class_list":{"0":"post-49996","1":"product","2":"type-product","3":"status-publish","4":"has-post-thumbnail","6":"product_cat-dish-gardens","7":"product_cat-flowering-and-green-plants","8":"product_cat-jardinieres","9":"product_cat-plantes","10":"product_cat-plantes-vertes-et-fleuries","11":"product_cat-plants","13":"first","14":"instock","15":"shipping-taxable","16":"purchasable","17":"product-type-simple"},"acf":[],"_links":{"self":[{"href":"https:\/\/lebouquet.brstdev.com\/fr\/wp-json\/wp\/v2\/product\/49996","targetHints":{"allow":["GET"]}}],"collection":[{"href":"https:\/\/lebouquet.brstdev.com\/fr\/wp-json\/wp\/v2\/product"}],"about":[{"href":"https:\/\/lebouquet.brstdev.com\/fr\/wp-json\/wp\/v2\/types\/product"}],"replies":[{"embeddable":true,"href":"https:\/\/lebouquet.brstdev.com\/fr\/wp-json\/wp\/v2\/comments?post=49996"}],"wp:featuredmedia":[{"embeddable":true,"href":"https:\/\/lebouquet.brstdev.com\/fr\/wp-json\/wp\/v2\/media\/97685"}],"wp:attachment":[{"href":"https:\/\/lebouquet.brstdev.com\/fr\/wp-json\/wp\/v2\/media?parent=49996"}],"wp:term":[{"taxonomy":"recipe","embeddable":true,"href":"https:\/\/lebouquet.brstdev.com\/fr\/wp-json\/wp\/v2\/recipe?post=49996"},{"taxonomy":"product_brand","embeddable":true,"href":"https:\/\/lebouquet.brstdev.com\/fr\/wp-json\/wp\/v2\/product_brand?post=49996"},{"taxonomy":"product_cat","embeddable":true,"href":"https:\/\/lebouquet.brstdev.com\/fr\/wp-json\/wp\/v2\/product_cat?post=49996"},{"taxonomy":"product_tag","embeddable":true,"href":"https:\/\/lebouquet.brstdev.com\/fr\/wp-json\/wp\/v2\/product_tag?post=49996"}],"curies":[{"name":"wp","href":"https:\/\/api.w.org\/{rel}","templated":true}]}}