{"id":49987,"date":"2024-01-19T04:33:16","date_gmt":"2024-01-19T09:33:16","guid":{"rendered":"https:\/\/lebouquetnew.brstdev.com\/9-veneer-blooming-dish-garden\/"},"modified":"2025-08-13T06:13:23","modified_gmt":"2025-08-13T10:13:23","slug":"panier-en-bois-fleuri","status":"publish","type":"product","link":"https:\/\/lebouquet.brstdev.com\/fr\/panier-en-bois-fleuri\/","title":{"rendered":"Jardin Harmonie Petit"},"content":{"rendered":"<p>Ajoutez une touche de nature \u00e0 votre espace int\u00e9rieur avec notre Jardin Harmonie Petit. Cet arrangement charmant est log\u00e9 dans un panier en osier rustique de 8 pouces de diam\u00e8tre, en faisant une pi\u00e8ce d&rsquo;accent parfaite pour n&rsquo;importe quelle pi\u00e8ce. Pr\u00e9sentant une vari\u00e9t\u00e9 de plantes vertes, chacune soigneusement s\u00e9lectionn\u00e9e pour sa beaut\u00e9 et sa facilit\u00e9 d&rsquo;entretien, ce petit jardin en plat est id\u00e9al pour apporter un peu de verdure dans les espaces compacts. La combinaison unique de plantes varie, garantissant que chaque jardin est une cr\u00e9ation unique qui illuminera votre maison ou bureau.<\/p>\n","protected":false},"excerpt":{"rendered":"<p>Ajoutez une touche de nature \u00e0 votre espace int\u00e9rieur avec notre Jardin Harmonie Petit. Cet arrangement charmant est log\u00e9 dans un panier en osier rustique de 8 pouces de diam\u00e8tre, en faisant une pi\u00e8ce d&rsquo;accent parfaite pour n&rsquo;importe quelle pi\u00e8ce. Pr\u00e9sentant une vari\u00e9t\u00e9 de plantes vertes, chacune soigneusement s\u00e9lectionn\u00e9e pour sa beaut\u00e9 et sa facilit\u00e9 [&hellip;]<\/p>\n","protected":false},"featured_media":97689,"comment_status":"open","ping_status":"closed","template":"","meta":{"_acf_changed":false,"inline_featured_image":false},"recipe":[],"product_brand":[],"product_cat":[7641,7645,7642,18053,7646,18052],"product_tag":[],"class_list":{"0":"post-49987","1":"product","2":"type-product","3":"status-publish","4":"has-post-thumbnail","6":"product_cat-dish-gardens","7":"product_cat-flowering-and-green-plants","8":"product_cat-jardinieres","9":"product_cat-plantes","10":"product_cat-plantes-vertes-et-fleuries","11":"product_cat-plants","13":"first","14":"instock","15":"shipping-taxable","16":"purchasable","17":"product-type-simple"},"acf":[],"_links":{"self":[{"href":"https:\/\/lebouquet.brstdev.com\/fr\/wp-json\/wp\/v2\/product\/49987","targetHints":{"allow":["GET"]}}],"collection":[{"href":"https:\/\/lebouquet.brstdev.com\/fr\/wp-json\/wp\/v2\/product"}],"about":[{"href":"https:\/\/lebouquet.brstdev.com\/fr\/wp-json\/wp\/v2\/types\/product"}],"replies":[{"embeddable":true,"href":"https:\/\/lebouquet.brstdev.com\/fr\/wp-json\/wp\/v2\/comments?post=49987"}],"wp:featuredmedia":[{"embeddable":true,"href":"https:\/\/lebouquet.brstdev.com\/fr\/wp-json\/wp\/v2\/media\/97689"}],"wp:attachment":[{"href":"https:\/\/lebouquet.brstdev.com\/fr\/wp-json\/wp\/v2\/media?parent=49987"}],"wp:term":[{"taxonomy":"recipe","embeddable":true,"href":"https:\/\/lebouquet.brstdev.com\/fr\/wp-json\/wp\/v2\/recipe?post=49987"},{"taxonomy":"product_brand","embeddable":true,"href":"https:\/\/lebouquet.brstdev.com\/fr\/wp-json\/wp\/v2\/product_brand?post=49987"},{"taxonomy":"product_cat","embeddable":true,"href":"https:\/\/lebouquet.brstdev.com\/fr\/wp-json\/wp\/v2\/product_cat?post=49987"},{"taxonomy":"product_tag","embeddable":true,"href":"https:\/\/lebouquet.brstdev.com\/fr\/wp-json\/wp\/v2\/product_tag?post=49987"}],"curies":[{"name":"wp","href":"https:\/\/api.w.org\/{rel}","templated":true}]}}