{"id":49794,"date":"2024-01-19T04:27:19","date_gmt":"2024-01-19T09:27:19","guid":{"rendered":"https:\/\/lebouquetnew.brstdev.com\/the-ftd-quiet-tribute-standing-spray\/"},"modified":"2025-08-13T06:13:28","modified_gmt":"2025-08-13T10:13:28","slug":"fleurs-dungava-de-ftd","status":"publish","type":"product","link":"https:\/\/lebouquet.brstdev.com\/fr\/fleurs-dungava-de-ftd\/","title":{"rendered":"Fleurs d&rsquo;Ungava de FTD"},"content":{"rendered":"<p>Pr\u00e9senter cet arrangement extr\u00eamement \u00e9l\u00e9gant tout de blanc est une belle fa\u00e7on&nbsp;de rendre un dernier hommage. Cette gerbe murale est constitu\u00e9e principalement d&rsquo;oeillets,&nbsp;de roses et de lys.&nbsp;Environ&nbsp;30&Prime;L&nbsp;x 30&Prime;H<\/p>\n","protected":false},"excerpt":{"rendered":"<p>Pr\u00e9senter cet arrangement extr\u00eamement \u00e9l\u00e9gant tout de blanc est une belle fa\u00e7on&nbsp;de rendre un dernier hommage. Cette gerbe murale est constitu\u00e9e principalement d&rsquo;oeillets,&nbsp;de roses et de lys.&nbsp;Environ&nbsp;30&Prime;L&nbsp;x 30&Prime;H<\/p>\n","protected":false},"featured_media":49787,"comment_status":"open","ping_status":"closed","template":"","meta":{"_acf_changed":false,"inline_featured_image":false},"recipe":[],"product_brand":[],"product_cat":[7620,7619,7628,7627],"product_tag":[],"class_list":{"0":"post-49794","1":"product","2":"type-product","3":"status-publish","4":"has-post-thumbnail","6":"product_cat-funeraire","7":"product_cat-funeral","8":"product_cat-gerbes-murales-funeraire","9":"product_cat-wall-spray","11":"first","12":"instock","13":"shipping-taxable","14":"purchasable","15":"product-type-simple"},"acf":[],"_links":{"self":[{"href":"https:\/\/lebouquet.brstdev.com\/fr\/wp-json\/wp\/v2\/product\/49794","targetHints":{"allow":["GET"]}}],"collection":[{"href":"https:\/\/lebouquet.brstdev.com\/fr\/wp-json\/wp\/v2\/product"}],"about":[{"href":"https:\/\/lebouquet.brstdev.com\/fr\/wp-json\/wp\/v2\/types\/product"}],"replies":[{"embeddable":true,"href":"https:\/\/lebouquet.brstdev.com\/fr\/wp-json\/wp\/v2\/comments?post=49794"}],"wp:featuredmedia":[{"embeddable":true,"href":"https:\/\/lebouquet.brstdev.com\/fr\/wp-json\/wp\/v2\/media\/49787"}],"wp:attachment":[{"href":"https:\/\/lebouquet.brstdev.com\/fr\/wp-json\/wp\/v2\/media?parent=49794"}],"wp:term":[{"taxonomy":"recipe","embeddable":true,"href":"https:\/\/lebouquet.brstdev.com\/fr\/wp-json\/wp\/v2\/recipe?post=49794"},{"taxonomy":"product_brand","embeddable":true,"href":"https:\/\/lebouquet.brstdev.com\/fr\/wp-json\/wp\/v2\/product_brand?post=49794"},{"taxonomy":"product_cat","embeddable":true,"href":"https:\/\/lebouquet.brstdev.com\/fr\/wp-json\/wp\/v2\/product_cat?post=49794"},{"taxonomy":"product_tag","embeddable":true,"href":"https:\/\/lebouquet.brstdev.com\/fr\/wp-json\/wp\/v2\/product_tag?post=49794"}],"curies":[{"name":"wp","href":"https:\/\/api.w.org\/{rel}","templated":true}]}}