{"id":49767,"date":"2024-01-19T04:26:56","date_gmt":"2024-01-19T09:26:56","guid":{"rendered":"https:\/\/lebouquetnew.brstdev.com\/celebration-of-life-standing-spray\/"},"modified":"2025-08-13T06:13:29","modified_gmt":"2025-08-13T10:13:29","slug":"la-celebration-de-la-vie","status":"publish","type":"product","link":"https:\/\/lebouquet.brstdev.com\/fr\/la-celebration-de-la-vie\/","title":{"rendered":"La c\u00e9l\u00e9bration de la vie"},"content":{"rendered":"<p>Cette gerbe color\u00e9e sur pied incarne la c\u00e9l\u00e9bration de la vie. Ses couleurs diverses proviennent de gerberas, de roses, de mufliers, de lys, d&rsquo;\u0153illets, de delphiniums et de gla\u00efeuls (lorsque en saison). Environ 18&Prime;L&nbsp;x 46&Prime;H.<\/p>\n","protected":false},"excerpt":{"rendered":"<p>Cette gerbe color\u00e9e sur pied incarne la c\u00e9l\u00e9bration de la vie. Ses couleurs diverses proviennent de gerberas, de roses, de mufliers, de lys, d&rsquo;\u0153illets, de delphiniums et de gla\u00efeuls (lorsque en saison). Environ 18&Prime;L&nbsp;x 46&Prime;H.<\/p>\n","protected":false},"featured_media":49760,"comment_status":"open","ping_status":"closed","template":"","meta":{"_acf_changed":false,"inline_featured_image":false},"recipe":[],"product_brand":[],"product_cat":[7620,7619,7628,7627],"product_tag":[],"class_list":{"0":"post-49767","1":"product","2":"type-product","3":"status-publish","4":"has-post-thumbnail","6":"product_cat-funeraire","7":"product_cat-funeral","8":"product_cat-gerbes-murales-funeraire","9":"product_cat-wall-spray","11":"first","12":"instock","13":"shipping-taxable","14":"purchasable","15":"product-type-simple"},"acf":[],"_links":{"self":[{"href":"https:\/\/lebouquet.brstdev.com\/fr\/wp-json\/wp\/v2\/product\/49767","targetHints":{"allow":["GET"]}}],"collection":[{"href":"https:\/\/lebouquet.brstdev.com\/fr\/wp-json\/wp\/v2\/product"}],"about":[{"href":"https:\/\/lebouquet.brstdev.com\/fr\/wp-json\/wp\/v2\/types\/product"}],"replies":[{"embeddable":true,"href":"https:\/\/lebouquet.brstdev.com\/fr\/wp-json\/wp\/v2\/comments?post=49767"}],"wp:featuredmedia":[{"embeddable":true,"href":"https:\/\/lebouquet.brstdev.com\/fr\/wp-json\/wp\/v2\/media\/49760"}],"wp:attachment":[{"href":"https:\/\/lebouquet.brstdev.com\/fr\/wp-json\/wp\/v2\/media?parent=49767"}],"wp:term":[{"taxonomy":"recipe","embeddable":true,"href":"https:\/\/lebouquet.brstdev.com\/fr\/wp-json\/wp\/v2\/recipe?post=49767"},{"taxonomy":"product_brand","embeddable":true,"href":"https:\/\/lebouquet.brstdev.com\/fr\/wp-json\/wp\/v2\/product_brand?post=49767"},{"taxonomy":"product_cat","embeddable":true,"href":"https:\/\/lebouquet.brstdev.com\/fr\/wp-json\/wp\/v2\/product_cat?post=49767"},{"taxonomy":"product_tag","embeddable":true,"href":"https:\/\/lebouquet.brstdev.com\/fr\/wp-json\/wp\/v2\/product_tag?post=49767"}],"curies":[{"name":"wp","href":"https:\/\/api.w.org\/{rel}","templated":true}]}}