{"id":49689,"date":"2024-01-19T04:25:20","date_gmt":"2024-01-19T09:25:20","guid":{"rendered":"https:\/\/lebouquetnew.brstdev.com\/gentle-thoughts-spray\/"},"modified":"2025-08-13T06:13:32","modified_gmt":"2025-08-13T10:13:32","slug":"essaim-de-poesie","status":"publish","type":"product","link":"https:\/\/lebouquet.brstdev.com\/fr\/essaim-de-poesie\/","title":{"rendered":"Essaim de po\u00e9sie"},"content":{"rendered":"<p>Les fleurs roses et blanches de cette gerbe ravissante exprimeront vos plus profondes condol\u00e9ances.&nbsp;Des&nbsp;\u0153illets et des roses roses, des&nbsp;chrysanth\u00e8mes blancs&nbsp;ainsi qu&rsquo;un ruban rose sont pr\u00e9sent\u00e9s sur un chevalet. Environ 24&Prime;L x 42&Prime;H.<\/p>\n","protected":false},"excerpt":{"rendered":"<p>Les fleurs roses et blanches de cette gerbe ravissante exprimeront vos plus profondes condol\u00e9ances.&nbsp;Des&nbsp;\u0153illets et des roses roses, des&nbsp;chrysanth\u00e8mes blancs&nbsp;ainsi qu&rsquo;un ruban rose sont pr\u00e9sent\u00e9s sur un chevalet. Environ 24&Prime;L x 42&Prime;H.<\/p>\n","protected":false},"featured_media":49640,"comment_status":"open","ping_status":"closed","template":"","meta":{"_acf_changed":false,"inline_featured_image":false},"recipe":[],"product_brand":[],"product_cat":[7620,7619,7628,7627],"product_tag":[],"class_list":{"0":"post-49689","1":"product","2":"type-product","3":"status-publish","4":"has-post-thumbnail","6":"product_cat-funeraire","7":"product_cat-funeral","8":"product_cat-gerbes-murales-funeraire","9":"product_cat-wall-spray","11":"first","12":"instock","13":"shipping-taxable","14":"purchasable","15":"product-type-simple"},"acf":[],"_links":{"self":[{"href":"https:\/\/lebouquet.brstdev.com\/fr\/wp-json\/wp\/v2\/product\/49689","targetHints":{"allow":["GET"]}}],"collection":[{"href":"https:\/\/lebouquet.brstdev.com\/fr\/wp-json\/wp\/v2\/product"}],"about":[{"href":"https:\/\/lebouquet.brstdev.com\/fr\/wp-json\/wp\/v2\/types\/product"}],"replies":[{"embeddable":true,"href":"https:\/\/lebouquet.brstdev.com\/fr\/wp-json\/wp\/v2\/comments?post=49689"}],"wp:featuredmedia":[{"embeddable":true,"href":"https:\/\/lebouquet.brstdev.com\/fr\/wp-json\/wp\/v2\/media\/49640"}],"wp:attachment":[{"href":"https:\/\/lebouquet.brstdev.com\/fr\/wp-json\/wp\/v2\/media?parent=49689"}],"wp:term":[{"taxonomy":"recipe","embeddable":true,"href":"https:\/\/lebouquet.brstdev.com\/fr\/wp-json\/wp\/v2\/recipe?post=49689"},{"taxonomy":"product_brand","embeddable":true,"href":"https:\/\/lebouquet.brstdev.com\/fr\/wp-json\/wp\/v2\/product_brand?post=49689"},{"taxonomy":"product_cat","embeddable":true,"href":"https:\/\/lebouquet.brstdev.com\/fr\/wp-json\/wp\/v2\/product_cat?post=49689"},{"taxonomy":"product_tag","embeddable":true,"href":"https:\/\/lebouquet.brstdev.com\/fr\/wp-json\/wp\/v2\/product_tag?post=49689"}],"curies":[{"name":"wp","href":"https:\/\/api.w.org\/{rel}","templated":true}]}}