{"id":49602,"date":"2024-01-19T04:24:38","date_gmt":"2024-01-19T09:24:38","guid":{"rendered":"https:\/\/lebouquetnew.brstdev.com\/abundance-wall-spray\/"},"modified":"2024-07-03T07:29:06","modified_gmt":"2024-07-03T11:29:06","slug":"abundance-wall-spray","status":"publish","type":"product","link":"https:\/\/lebouquet.brstdev.com\/fr\/abundance-wall-spray\/","title":{"rendered":"Abondance du paradis"},"content":{"rendered":"<p>Cette gerbe murale est compos\u00e9e d&rsquo;une profusion de fleurs incluant des oiseaux-du-paradis, des roses, des orchid\u00e9es et plusieurs autres. Bref, un magnifique hommage \u00e0 une personne partie tr\u00f4t t\u00f4t.&nbsp;Environ 48&Prime;H&nbsp;x 24&Prime;L.<\/p>\n","protected":false},"excerpt":{"rendered":"<p>Cette gerbe murale est compos\u00e9e d&rsquo;une profusion de fleurs incluant des oiseaux-du-paradis, des roses, des orchid\u00e9es et plusieurs autres. Bref, un magnifique hommage \u00e0 une personne partie tr\u00f4t t\u00f4t.&nbsp;Environ 48&Prime;H&nbsp;x 24&Prime;L.<\/p>\n","protected":false},"featured_media":0,"comment_status":"open","ping_status":"closed","template":"","meta":{"_acf_changed":false},"recipe":[],"product_brand":[],"product_cat":[15],"product_tag":[],"class_list":{"0":"post-49602","1":"product","2":"type-product","3":"status-publish","5":"product_cat-uncategorized","7":"first","8":"instock","9":"shipping-taxable","10":"purchasable","11":"product-type-simple"},"acf":[],"_links":{"self":[{"href":"https:\/\/lebouquet.brstdev.com\/fr\/wp-json\/wp\/v2\/product\/49602","targetHints":{"allow":["GET"]}}],"collection":[{"href":"https:\/\/lebouquet.brstdev.com\/fr\/wp-json\/wp\/v2\/product"}],"about":[{"href":"https:\/\/lebouquet.brstdev.com\/fr\/wp-json\/wp\/v2\/types\/product"}],"replies":[{"embeddable":true,"href":"https:\/\/lebouquet.brstdev.com\/fr\/wp-json\/wp\/v2\/comments?post=49602"}],"wp:attachment":[{"href":"https:\/\/lebouquet.brstdev.com\/fr\/wp-json\/wp\/v2\/media?parent=49602"}],"wp:term":[{"taxonomy":"recipe","embeddable":true,"href":"https:\/\/lebouquet.brstdev.com\/fr\/wp-json\/wp\/v2\/recipe?post=49602"},{"taxonomy":"product_brand","embeddable":true,"href":"https:\/\/lebouquet.brstdev.com\/fr\/wp-json\/wp\/v2\/product_brand?post=49602"},{"taxonomy":"product_cat","embeddable":true,"href":"https:\/\/lebouquet.brstdev.com\/fr\/wp-json\/wp\/v2\/product_cat?post=49602"},{"taxonomy":"product_tag","embeddable":true,"href":"https:\/\/lebouquet.brstdev.com\/fr\/wp-json\/wp\/v2\/product_tag?post=49602"}],"curies":[{"name":"wp","href":"https:\/\/api.w.org\/{rel}","templated":true}]}}