{"id":49575,"date":"2024-01-19T04:24:16","date_gmt":"2024-01-19T09:24:16","guid":{"rendered":"https:\/\/lebouquetnew.brstdev.com\/earth-tone-urn-arrangement\/"},"modified":"2025-08-13T06:13:34","modified_gmt":"2025-08-13T10:13:34","slug":"ciel-davril","status":"publish","type":"product","link":"https:\/\/lebouquet.brstdev.com\/fr\/ciel-davril\/","title":{"rendered":"Ciel d&rsquo;avril"},"content":{"rendered":"<p>Cet arrangement con\u00e7u sp\u00e9cialement pour l&rsquo;urne rev\u00eate plusieurs teintes qui sauront rendre hommage au d\u00e9funt ou \u00e0 la d\u00e9funte. Vous y verrez un&nbsp;assortiment de fleurs incluant des roses, des tournesols, dans les teintes printani\u00e8res, bref un tr\u00e8s beau m\u00e9lange. Environ 14&Prime;L&nbsp;x 12&Prime;H.<\/p>\n","protected":false},"excerpt":{"rendered":"<p>Cet arrangement con\u00e7u sp\u00e9cialement pour l&rsquo;urne rev\u00eate plusieurs teintes qui sauront rendre hommage au d\u00e9funt ou \u00e0 la d\u00e9funte. Vous y verrez un&nbsp;assortiment de fleurs incluant des roses, des tournesols, dans les teintes printani\u00e8res, bref un tr\u00e8s beau m\u00e9lange. Environ 14&Prime;L&nbsp;x 12&Prime;H.<\/p>\n","protected":false},"featured_media":110726,"comment_status":"open","ping_status":"closed","template":"","meta":{"_acf_changed":false,"inline_featured_image":false},"recipe":[],"product_brand":[],"product_cat":[7636,7620,7619,7635],"product_tag":[],"class_list":{"0":"post-49575","1":"product","2":"type-product","3":"status-publish","4":"has-post-thumbnail","6":"product_cat-arrangements-pour-les-urnes-funeraire","7":"product_cat-funeraire","8":"product_cat-funeral","9":"product_cat-urn-arrangements","11":"first","12":"instock","13":"shipping-taxable","14":"purchasable","15":"product-type-simple"},"acf":[],"_links":{"self":[{"href":"https:\/\/lebouquet.brstdev.com\/fr\/wp-json\/wp\/v2\/product\/49575","targetHints":{"allow":["GET"]}}],"collection":[{"href":"https:\/\/lebouquet.brstdev.com\/fr\/wp-json\/wp\/v2\/product"}],"about":[{"href":"https:\/\/lebouquet.brstdev.com\/fr\/wp-json\/wp\/v2\/types\/product"}],"replies":[{"embeddable":true,"href":"https:\/\/lebouquet.brstdev.com\/fr\/wp-json\/wp\/v2\/comments?post=49575"}],"wp:featuredmedia":[{"embeddable":true,"href":"https:\/\/lebouquet.brstdev.com\/fr\/wp-json\/wp\/v2\/media\/110726"}],"wp:attachment":[{"href":"https:\/\/lebouquet.brstdev.com\/fr\/wp-json\/wp\/v2\/media?parent=49575"}],"wp:term":[{"taxonomy":"recipe","embeddable":true,"href":"https:\/\/lebouquet.brstdev.com\/fr\/wp-json\/wp\/v2\/recipe?post=49575"},{"taxonomy":"product_brand","embeddable":true,"href":"https:\/\/lebouquet.brstdev.com\/fr\/wp-json\/wp\/v2\/product_brand?post=49575"},{"taxonomy":"product_cat","embeddable":true,"href":"https:\/\/lebouquet.brstdev.com\/fr\/wp-json\/wp\/v2\/product_cat?post=49575"},{"taxonomy":"product_tag","embeddable":true,"href":"https:\/\/lebouquet.brstdev.com\/fr\/wp-json\/wp\/v2\/product_tag?post=49575"}],"curies":[{"name":"wp","href":"https:\/\/api.w.org\/{rel}","templated":true}]}}