{"id":49557,"date":"2024-01-19T04:23:56","date_gmt":"2024-01-19T09:23:56","guid":{"rendered":"https:\/\/lebouquetnew.brstdev.com\/heartful-of-mixed-emotions\/"},"modified":"2025-08-13T06:13:35","modified_gmt":"2025-08-13T10:13:35","slug":"splendide-eclosion","status":"publish","type":"product","link":"https:\/\/lebouquet.brstdev.com\/fr\/splendide-eclosion\/","title":{"rendered":"Splendide \u00e9closion"},"content":{"rendered":"<p>Les diff\u00e9rentes teintes de rose et de mauve&nbsp;marquent particuli\u00e8rement ce magnifique arrangement d&rsquo;environ 24&Prime;L x 24&Prime;H.<\/p>\n","protected":false},"excerpt":{"rendered":"<p>Les diff\u00e9rentes teintes de rose et de mauve&nbsp;marquent particuli\u00e8rement ce magnifique arrangement d&rsquo;environ 24&Prime;L x 24&Prime;H.<\/p>\n","protected":false},"featured_media":49550,"comment_status":"open","ping_status":"closed","template":"","meta":{"_acf_changed":false,"inline_featured_image":false},"recipe":[],"product_brand":[],"product_cat":[7632,7620,7619,7631],"product_tag":[],"class_list":{"0":"post-49557","1":"product","2":"type-product","3":"status-publish","4":"has-post-thumbnail","6":"product_cat-arrangements-en-forme-de-coeur-funeraire","7":"product_cat-funeraire","8":"product_cat-funeral","9":"product_cat-heart-shaped-arrangements","11":"first","12":"instock","13":"shipping-taxable","14":"purchasable","15":"product-type-simple"},"acf":[],"_links":{"self":[{"href":"https:\/\/lebouquet.brstdev.com\/fr\/wp-json\/wp\/v2\/product\/49557","targetHints":{"allow":["GET"]}}],"collection":[{"href":"https:\/\/lebouquet.brstdev.com\/fr\/wp-json\/wp\/v2\/product"}],"about":[{"href":"https:\/\/lebouquet.brstdev.com\/fr\/wp-json\/wp\/v2\/types\/product"}],"replies":[{"embeddable":true,"href":"https:\/\/lebouquet.brstdev.com\/fr\/wp-json\/wp\/v2\/comments?post=49557"}],"wp:featuredmedia":[{"embeddable":true,"href":"https:\/\/lebouquet.brstdev.com\/fr\/wp-json\/wp\/v2\/media\/49550"}],"wp:attachment":[{"href":"https:\/\/lebouquet.brstdev.com\/fr\/wp-json\/wp\/v2\/media?parent=49557"}],"wp:term":[{"taxonomy":"recipe","embeddable":true,"href":"https:\/\/lebouquet.brstdev.com\/fr\/wp-json\/wp\/v2\/recipe?post=49557"},{"taxonomy":"product_brand","embeddable":true,"href":"https:\/\/lebouquet.brstdev.com\/fr\/wp-json\/wp\/v2\/product_brand?post=49557"},{"taxonomy":"product_cat","embeddable":true,"href":"https:\/\/lebouquet.brstdev.com\/fr\/wp-json\/wp\/v2\/product_cat?post=49557"},{"taxonomy":"product_tag","embeddable":true,"href":"https:\/\/lebouquet.brstdev.com\/fr\/wp-json\/wp\/v2\/product_tag?post=49557"}],"curies":[{"name":"wp","href":"https:\/\/api.w.org\/{rel}","templated":true}]}}