{"id":49527,"date":"2024-01-19T04:23:26","date_gmt":"2024-01-19T09:23:26","guid":{"rendered":"https:\/\/lebouquetnew.brstdev.com\/bible\/"},"modified":"2025-08-13T06:13:36","modified_gmt":"2025-08-13T10:13:36","slug":"la-bible-du-coeur","status":"publish","type":"product","link":"https:\/\/lebouquet.brstdev.com\/fr\/la-bible-du-coeur\/","title":{"rendered":"La bible du coeur"},"content":{"rendered":"<p>Cette pi\u00e8ce exceptionnelle comprend de multiples roses \u00e9l\u00e9gament agenc\u00e9es \u00e0 des fleurs blanches et \u00e0 de la belle verdure. Bref, une mani\u00e8re sacr\u00e9e et affectueuse de dire adieu. Environ 20&Prime;H&nbsp;x 26&Prime;L.<\/p>\n","protected":false},"excerpt":{"rendered":"<p>Cette pi\u00e8ce exceptionnelle comprend de multiples roses \u00e9l\u00e9gament agenc\u00e9es \u00e0 des fleurs blanches et \u00e0 de la belle verdure. Bref, une mani\u00e8re sacr\u00e9e et affectueuse de dire adieu. Environ 20&Prime;H&nbsp;x 26&Prime;L.<\/p>\n","protected":false},"featured_media":49520,"comment_status":"open","ping_status":"closed","template":"","meta":{"_acf_changed":false,"inline_featured_image":false},"recipe":[],"product_brand":[],"product_cat":[7623,7620,7619,7624],"product_tag":[],"class_list":{"0":"post-49527","1":"product","2":"type-product","3":"status-publish","4":"has-post-thumbnail","6":"product_cat-customized-specialties","7":"product_cat-funeraire","8":"product_cat-funeral","9":"product_cat-pieces-personnalisees-funeraire","11":"first","12":"instock","13":"shipping-taxable","14":"purchasable","15":"product-type-simple"},"acf":[],"_links":{"self":[{"href":"https:\/\/lebouquet.brstdev.com\/fr\/wp-json\/wp\/v2\/product\/49527","targetHints":{"allow":["GET"]}}],"collection":[{"href":"https:\/\/lebouquet.brstdev.com\/fr\/wp-json\/wp\/v2\/product"}],"about":[{"href":"https:\/\/lebouquet.brstdev.com\/fr\/wp-json\/wp\/v2\/types\/product"}],"replies":[{"embeddable":true,"href":"https:\/\/lebouquet.brstdev.com\/fr\/wp-json\/wp\/v2\/comments?post=49527"}],"wp:featuredmedia":[{"embeddable":true,"href":"https:\/\/lebouquet.brstdev.com\/fr\/wp-json\/wp\/v2\/media\/49520"}],"wp:attachment":[{"href":"https:\/\/lebouquet.brstdev.com\/fr\/wp-json\/wp\/v2\/media?parent=49527"}],"wp:term":[{"taxonomy":"recipe","embeddable":true,"href":"https:\/\/lebouquet.brstdev.com\/fr\/wp-json\/wp\/v2\/recipe?post=49527"},{"taxonomy":"product_brand","embeddable":true,"href":"https:\/\/lebouquet.brstdev.com\/fr\/wp-json\/wp\/v2\/product_brand?post=49527"},{"taxonomy":"product_cat","embeddable":true,"href":"https:\/\/lebouquet.brstdev.com\/fr\/wp-json\/wp\/v2\/product_cat?post=49527"},{"taxonomy":"product_tag","embeddable":true,"href":"https:\/\/lebouquet.brstdev.com\/fr\/wp-json\/wp\/v2\/product_tag?post=49527"}],"curies":[{"name":"wp","href":"https:\/\/api.w.org\/{rel}","templated":true}]}}