{"id":49491,"date":"2024-01-19T04:22:56","date_gmt":"2024-01-19T09:22:56","guid":{"rendered":"https:\/\/lebouquetnew.brstdev.com\/dove-of-peace\/"},"modified":"2025-08-13T06:13:38","modified_gmt":"2025-08-13T10:13:38","slug":"colombe-de-paix","status":"publish","type":"product","link":"https:\/\/lebouquet.brstdev.com\/fr\/colombe-de-paix\/","title":{"rendered":"Colombe de paix"},"content":{"rendered":"<p>Si vous voulez souhaiter la paix, cette colombe majestueuse saura amener le r\u00e9confort n\u00e9cessaire \u00e0 un deuil important.&nbsp;Environ 28&Prime;H&nbsp;x 24&Prime;L.<\/p>\n","protected":false},"excerpt":{"rendered":"<p>Si vous voulez souhaiter la paix, cette colombe majestueuse saura amener le r\u00e9confort n\u00e9cessaire \u00e0 un deuil important.&nbsp;Environ 28&Prime;H&nbsp;x 24&Prime;L.<\/p>\n","protected":false},"featured_media":49484,"comment_status":"open","ping_status":"closed","template":"","meta":{"_acf_changed":false,"inline_featured_image":false},"recipe":[],"product_brand":[],"product_cat":[7623,7620,7619,7624],"product_tag":[],"class_list":{"0":"post-49491","1":"product","2":"type-product","3":"status-publish","4":"has-post-thumbnail","6":"product_cat-customized-specialties","7":"product_cat-funeraire","8":"product_cat-funeral","9":"product_cat-pieces-personnalisees-funeraire","11":"first","12":"instock","13":"shipping-taxable","14":"purchasable","15":"product-type-simple"},"acf":[],"_links":{"self":[{"href":"https:\/\/lebouquet.brstdev.com\/fr\/wp-json\/wp\/v2\/product\/49491","targetHints":{"allow":["GET"]}}],"collection":[{"href":"https:\/\/lebouquet.brstdev.com\/fr\/wp-json\/wp\/v2\/product"}],"about":[{"href":"https:\/\/lebouquet.brstdev.com\/fr\/wp-json\/wp\/v2\/types\/product"}],"replies":[{"embeddable":true,"href":"https:\/\/lebouquet.brstdev.com\/fr\/wp-json\/wp\/v2\/comments?post=49491"}],"wp:featuredmedia":[{"embeddable":true,"href":"https:\/\/lebouquet.brstdev.com\/fr\/wp-json\/wp\/v2\/media\/49484"}],"wp:attachment":[{"href":"https:\/\/lebouquet.brstdev.com\/fr\/wp-json\/wp\/v2\/media?parent=49491"}],"wp:term":[{"taxonomy":"recipe","embeddable":true,"href":"https:\/\/lebouquet.brstdev.com\/fr\/wp-json\/wp\/v2\/recipe?post=49491"},{"taxonomy":"product_brand","embeddable":true,"href":"https:\/\/lebouquet.brstdev.com\/fr\/wp-json\/wp\/v2\/product_brand?post=49491"},{"taxonomy":"product_cat","embeddable":true,"href":"https:\/\/lebouquet.brstdev.com\/fr\/wp-json\/wp\/v2\/product_cat?post=49491"},{"taxonomy":"product_tag","embeddable":true,"href":"https:\/\/lebouquet.brstdev.com\/fr\/wp-json\/wp\/v2\/product_tag?post=49491"}],"curies":[{"name":"wp","href":"https:\/\/api.w.org\/{rel}","templated":true}]}}