{"id":49482,"date":"2024-01-19T04:22:48","date_gmt":"2024-01-19T09:22:48","guid":{"rendered":"https:\/\/lebouquetnew.brstdev.com\/daddy\/"},"modified":"2025-08-13T06:13:38","modified_gmt":"2025-08-13T10:13:38","slug":"papa","status":"publish","type":"product","link":"https:\/\/lebouquet.brstdev.com\/fr\/papa\/","title":{"rendered":"Papa"},"content":{"rendered":"<p>Voici comment dire un dernier mot \u00e0&nbsp;un papa appr\u00e9ci\u00e9. Ce design peut \u00eatre fait \u00e9galement avec d&rsquo;autres noms. Environ 96&Prime;L&nbsp;x 28&Prime; H.<\/p>\n","protected":false},"excerpt":{"rendered":"<p>Voici comment dire un dernier mot \u00e0&nbsp;un papa appr\u00e9ci\u00e9. Ce design peut \u00eatre fait \u00e9galement avec d&rsquo;autres noms. Environ 96&Prime;L&nbsp;x 28&Prime; H.<\/p>\n","protected":false},"featured_media":49475,"comment_status":"open","ping_status":"closed","template":"","meta":{"_acf_changed":false,"inline_featured_image":false},"recipe":[],"product_brand":[],"product_cat":[7623,7620,7619,7624],"product_tag":[],"class_list":{"0":"post-49482","1":"product","2":"type-product","3":"status-publish","4":"has-post-thumbnail","6":"product_cat-customized-specialties","7":"product_cat-funeraire","8":"product_cat-funeral","9":"product_cat-pieces-personnalisees-funeraire","11":"first","12":"instock","13":"shipping-taxable","14":"purchasable","15":"product-type-simple"},"acf":[],"_links":{"self":[{"href":"https:\/\/lebouquet.brstdev.com\/fr\/wp-json\/wp\/v2\/product\/49482","targetHints":{"allow":["GET"]}}],"collection":[{"href":"https:\/\/lebouquet.brstdev.com\/fr\/wp-json\/wp\/v2\/product"}],"about":[{"href":"https:\/\/lebouquet.brstdev.com\/fr\/wp-json\/wp\/v2\/types\/product"}],"replies":[{"embeddable":true,"href":"https:\/\/lebouquet.brstdev.com\/fr\/wp-json\/wp\/v2\/comments?post=49482"}],"wp:featuredmedia":[{"embeddable":true,"href":"https:\/\/lebouquet.brstdev.com\/fr\/wp-json\/wp\/v2\/media\/49475"}],"wp:attachment":[{"href":"https:\/\/lebouquet.brstdev.com\/fr\/wp-json\/wp\/v2\/media?parent=49482"}],"wp:term":[{"taxonomy":"recipe","embeddable":true,"href":"https:\/\/lebouquet.brstdev.com\/fr\/wp-json\/wp\/v2\/recipe?post=49482"},{"taxonomy":"product_brand","embeddable":true,"href":"https:\/\/lebouquet.brstdev.com\/fr\/wp-json\/wp\/v2\/product_brand?post=49482"},{"taxonomy":"product_cat","embeddable":true,"href":"https:\/\/lebouquet.brstdev.com\/fr\/wp-json\/wp\/v2\/product_cat?post=49482"},{"taxonomy":"product_tag","embeddable":true,"href":"https:\/\/lebouquet.brstdev.com\/fr\/wp-json\/wp\/v2\/product_tag?post=49482"}],"curies":[{"name":"wp","href":"https:\/\/api.w.org\/{rel}","templated":true}]}}