{"id":49473,"date":"2024-01-19T04:22:38","date_gmt":"2024-01-19T09:22:38","guid":{"rendered":"https:\/\/lebouquetnew.brstdev.com\/love-forever-cross\/"},"modified":"2025-08-13T06:13:39","modified_gmt":"2025-08-13T10:13:39","slug":"amour-eternel","status":"publish","type":"product","link":"https:\/\/lebouquet.brstdev.com\/fr\/amour-eternel\/","title":{"rendered":"Amour \u00e9ternel"},"content":{"rendered":"<p>Voici la meilleure fa\u00e7on de partager vos adieux&nbsp;dans la foi et la s\u00e9r\u00e9nit\u00e9. Vous y trouverez des&nbsp;teintes de rose, de violet et de blanc. Mod\u00e8le standard mesure environ 28&Prime;H x 20&Prime;L et le mod\u00e0le De Luxe,&nbsp;34&Prime; H x 22&Prime;L.<\/p>\n","protected":false},"excerpt":{"rendered":"<figure class=\"table\">\n<table>\n<tbody>\n<tr>\n<td>Standard<\/td>\n<td>28&Prime; H<\/td>\n<\/tr>\n<tr>\n<td>De luxe<\/td>\n<td>34&Prime; H<\/td>\n<\/tr>\n<\/tbody>\n<\/table>\n<\/figure>\n","protected":false},"featured_media":49460,"comment_status":"open","ping_status":"closed","template":"","meta":{"_acf_changed":false,"inline_featured_image":false},"recipe":[],"product_brand":[],"product_cat":[7634,7633,7620,7619],"product_tag":[],"class_list":{"0":"post-49473","1":"product","2":"type-product","3":"status-publish","4":"has-post-thumbnail","6":"product_cat-arrangements-en-forme-de-croix-funeraire","7":"product_cat-cross-shaped-arrangements","8":"product_cat-funeraire","9":"product_cat-funeral","11":"first","12":"instock","13":"shipping-taxable","14":"purchasable","15":"product-type-simple"},"acf":[],"_links":{"self":[{"href":"https:\/\/lebouquet.brstdev.com\/fr\/wp-json\/wp\/v2\/product\/49473","targetHints":{"allow":["GET"]}}],"collection":[{"href":"https:\/\/lebouquet.brstdev.com\/fr\/wp-json\/wp\/v2\/product"}],"about":[{"href":"https:\/\/lebouquet.brstdev.com\/fr\/wp-json\/wp\/v2\/types\/product"}],"replies":[{"embeddable":true,"href":"https:\/\/lebouquet.brstdev.com\/fr\/wp-json\/wp\/v2\/comments?post=49473"}],"wp:featuredmedia":[{"embeddable":true,"href":"https:\/\/lebouquet.brstdev.com\/fr\/wp-json\/wp\/v2\/media\/49460"}],"wp:attachment":[{"href":"https:\/\/lebouquet.brstdev.com\/fr\/wp-json\/wp\/v2\/media?parent=49473"}],"wp:term":[{"taxonomy":"recipe","embeddable":true,"href":"https:\/\/lebouquet.brstdev.com\/fr\/wp-json\/wp\/v2\/recipe?post=49473"},{"taxonomy":"product_brand","embeddable":true,"href":"https:\/\/lebouquet.brstdev.com\/fr\/wp-json\/wp\/v2\/product_brand?post=49473"},{"taxonomy":"product_cat","embeddable":true,"href":"https:\/\/lebouquet.brstdev.com\/fr\/wp-json\/wp\/v2\/product_cat?post=49473"},{"taxonomy":"product_tag","embeddable":true,"href":"https:\/\/lebouquet.brstdev.com\/fr\/wp-json\/wp\/v2\/product_tag?post=49473"}],"curies":[{"name":"wp","href":"https:\/\/api.w.org\/{rel}","templated":true}]}}