{"id":49458,"date":"2024-01-19T04:22:26","date_gmt":"2024-01-19T09:22:26","guid":{"rendered":"https:\/\/lebouquetnew.brstdev.com\/roses-of-purest-faith\/"},"modified":"2025-08-13T06:13:39","modified_gmt":"2025-08-13T10:13:39","slug":"etoiles-du-matin","status":"publish","type":"product","link":"https:\/\/lebouquet.brstdev.com\/fr\/etoiles-du-matin\/","title":{"rendered":"\u00c9toiles du matin"},"content":{"rendered":"<p>Voici une gerbe de&nbsp;roses blanches \u00e9l\u00e9gantes&nbsp;nich\u00e9es au centre d&rsquo;une croix blanche.&nbsp;Id\u00e9al pour transmettre l&rsquo;espoir&nbsp;\u00e0 ceux que vous aimez.&nbsp;Environ 42&Prime;H&nbsp;x 27&Prime;L.<\/p>\n","protected":false},"excerpt":{"rendered":"<p>Voici une gerbe de&nbsp;roses blanches \u00e9l\u00e9gantes&nbsp;nich\u00e9es au centre d&rsquo;une croix blanche.&nbsp;Id\u00e9al pour transmettre l&rsquo;espoir&nbsp;\u00e0 ceux que vous aimez.&nbsp;Environ 42&Prime;H&nbsp;x 27&Prime;L.<\/p>\n","protected":false},"featured_media":49452,"comment_status":"open","ping_status":"closed","template":"","meta":{"_acf_changed":false,"inline_featured_image":false},"recipe":[],"product_brand":[],"product_cat":[7634,7633,7620,7619],"product_tag":[],"class_list":{"0":"post-49458","1":"product","2":"type-product","3":"status-publish","4":"has-post-thumbnail","6":"product_cat-arrangements-en-forme-de-croix-funeraire","7":"product_cat-cross-shaped-arrangements","8":"product_cat-funeraire","9":"product_cat-funeral","11":"first","12":"instock","13":"shipping-taxable","14":"purchasable","15":"product-type-simple"},"acf":[],"_links":{"self":[{"href":"https:\/\/lebouquet.brstdev.com\/fr\/wp-json\/wp\/v2\/product\/49458","targetHints":{"allow":["GET"]}}],"collection":[{"href":"https:\/\/lebouquet.brstdev.com\/fr\/wp-json\/wp\/v2\/product"}],"about":[{"href":"https:\/\/lebouquet.brstdev.com\/fr\/wp-json\/wp\/v2\/types\/product"}],"replies":[{"embeddable":true,"href":"https:\/\/lebouquet.brstdev.com\/fr\/wp-json\/wp\/v2\/comments?post=49458"}],"wp:featuredmedia":[{"embeddable":true,"href":"https:\/\/lebouquet.brstdev.com\/fr\/wp-json\/wp\/v2\/media\/49452"}],"wp:attachment":[{"href":"https:\/\/lebouquet.brstdev.com\/fr\/wp-json\/wp\/v2\/media?parent=49458"}],"wp:term":[{"taxonomy":"recipe","embeddable":true,"href":"https:\/\/lebouquet.brstdev.com\/fr\/wp-json\/wp\/v2\/recipe?post=49458"},{"taxonomy":"product_brand","embeddable":true,"href":"https:\/\/lebouquet.brstdev.com\/fr\/wp-json\/wp\/v2\/product_brand?post=49458"},{"taxonomy":"product_cat","embeddable":true,"href":"https:\/\/lebouquet.brstdev.com\/fr\/wp-json\/wp\/v2\/product_cat?post=49458"},{"taxonomy":"product_tag","embeddable":true,"href":"https:\/\/lebouquet.brstdev.com\/fr\/wp-json\/wp\/v2\/product_tag?post=49458"}],"curies":[{"name":"wp","href":"https:\/\/api.w.org\/{rel}","templated":true}]}}