{"id":49441,"date":"2024-01-19T04:20:45","date_gmt":"2024-01-19T09:20:45","guid":{"rendered":"https:\/\/lebouquetnew.brstdev.com\/faith-cross\/"},"modified":"2025-08-13T06:13:40","modified_gmt":"2025-08-13T10:13:40","slug":"foi-loyale","status":"publish","type":"product","link":"https:\/\/lebouquet.brstdev.com\/fr\/foi-loyale\/","title":{"rendered":"Foi loyale"},"content":{"rendered":"<p>Voyez cette croix magnifique, deux fois plus garnies que les croix traditionnelles.&nbsp;Le rouge et le blanc tr\u00e8s pr\u00e9sent pour&nbsp;r\u00e9conforter les personnes endeuill\u00e9es.&nbsp;<\/p>\n","protected":false},"excerpt":{"rendered":"<p>Sandard = 28&Prime; H<\/p>\n<p>De luxe = 34&Prime; H<\/p>\n<p>Premium = 40&Prime; H (comme l&rsquo;image)<\/p>\n<p>Exquis&nbsp;= 46&Prime; H<\/p>\n","protected":false},"featured_media":49327,"comment_status":"open","ping_status":"closed","template":"","meta":{"_acf_changed":false,"inline_featured_image":false},"recipe":[],"product_brand":[],"product_cat":[7634,7633,7620,7619],"product_tag":[],"class_list":{"0":"post-49441","1":"product","2":"type-product","3":"status-publish","4":"has-post-thumbnail","6":"product_cat-arrangements-en-forme-de-croix-funeraire","7":"product_cat-cross-shaped-arrangements","8":"product_cat-funeraire","9":"product_cat-funeral","11":"first","12":"instock","13":"shipping-taxable","14":"purchasable","15":"product-type-simple"},"acf":[],"_links":{"self":[{"href":"https:\/\/lebouquet.brstdev.com\/fr\/wp-json\/wp\/v2\/product\/49441","targetHints":{"allow":["GET"]}}],"collection":[{"href":"https:\/\/lebouquet.brstdev.com\/fr\/wp-json\/wp\/v2\/product"}],"about":[{"href":"https:\/\/lebouquet.brstdev.com\/fr\/wp-json\/wp\/v2\/types\/product"}],"replies":[{"embeddable":true,"href":"https:\/\/lebouquet.brstdev.com\/fr\/wp-json\/wp\/v2\/comments?post=49441"}],"wp:featuredmedia":[{"embeddable":true,"href":"https:\/\/lebouquet.brstdev.com\/fr\/wp-json\/wp\/v2\/media\/49327"}],"wp:attachment":[{"href":"https:\/\/lebouquet.brstdev.com\/fr\/wp-json\/wp\/v2\/media?parent=49441"}],"wp:term":[{"taxonomy":"recipe","embeddable":true,"href":"https:\/\/lebouquet.brstdev.com\/fr\/wp-json\/wp\/v2\/recipe?post=49441"},{"taxonomy":"product_brand","embeddable":true,"href":"https:\/\/lebouquet.brstdev.com\/fr\/wp-json\/wp\/v2\/product_brand?post=49441"},{"taxonomy":"product_cat","embeddable":true,"href":"https:\/\/lebouquet.brstdev.com\/fr\/wp-json\/wp\/v2\/product_cat?post=49441"},{"taxonomy":"product_tag","embeddable":true,"href":"https:\/\/lebouquet.brstdev.com\/fr\/wp-json\/wp\/v2\/product_tag?post=49441"}],"curies":[{"name":"wp","href":"https:\/\/api.w.org\/{rel}","templated":true}]}}