{"id":49325,"date":"2024-01-19T04:18:59","date_gmt":"2024-01-19T09:18:59","guid":{"rendered":"https:\/\/lebouquetnew.brstdev.com\/traditional-funeral-cross\/"},"modified":"2025-08-13T06:28:22","modified_gmt":"2025-08-13T10:28:22","slug":"croix-funeraire-traditionnelle","status":"publish","type":"product","link":"https:\/\/lebouquet.brstdev.com\/fr\/croix-funeraire-traditionnelle\/","title":{"rendered":"Croix fun\u00e9raire traditionnelle"},"content":{"rendered":"<p>Voici une pi\u00e8ce fun\u00e9raire \u00e9clatante et classique pour apporter un message de paix et d&rsquo;espoir.&nbsp;<\/p>\n<p>De grands chrysanth\u00e8mes sont plac\u00e9s c\u00f4te \u00e0 c\u00f4te pour former une croix, tandis que d&rsquo;\u00e9l\u00e9gantes roses sont group\u00e9es au centre pour symboliser l&rsquo;amour et le souvenir.<\/p>\n","protected":false},"excerpt":{"rendered":"<figure class=\"table\" style=\"width:300px;\">\n<table>\n<tbody>\n<tr>\n<td>Standard<\/td>\n<td>&#8211; 28&Prime; H<\/td>\n<\/tr>\n<tr>\n<td>De luxe<\/td>\n<td>&#8211; 34&Prime; H<\/td>\n<\/tr>\n<tr>\n<td>Premium<\/td>\n<td>&#8211; 40&Prime; H&nbsp;(repr\u00e9sent\u00e9e sur l&rsquo;image)<\/td>\n<\/tr>\n<tr>\n<td>Exquis<\/td>\n<td>&#8211; 46&Prime; H<\/td>\n<\/tr>\n<\/tbody>\n<\/table>\n<\/figure>\n","protected":false},"featured_media":49211,"comment_status":"open","ping_status":"closed","template":"","meta":{"_acf_changed":false},"recipe":[],"product_brand":[],"product_cat":[7634,7633,7620,7619],"product_tag":[],"class_list":{"0":"post-49325","1":"product","2":"type-product","3":"status-publish","4":"has-post-thumbnail","6":"product_cat-arrangements-en-forme-de-croix-funeraire","7":"product_cat-cross-shaped-arrangements","8":"product_cat-fleurs-funeraires-montreal","9":"product_cat-funeral-flowers-montreal","11":"first","12":"instock","13":"shipping-taxable","14":"purchasable","15":"product-type-simple"},"acf":[],"_links":{"self":[{"href":"https:\/\/lebouquet.brstdev.com\/fr\/wp-json\/wp\/v2\/product\/49325","targetHints":{"allow":["GET"]}}],"collection":[{"href":"https:\/\/lebouquet.brstdev.com\/fr\/wp-json\/wp\/v2\/product"}],"about":[{"href":"https:\/\/lebouquet.brstdev.com\/fr\/wp-json\/wp\/v2\/types\/product"}],"replies":[{"embeddable":true,"href":"https:\/\/lebouquet.brstdev.com\/fr\/wp-json\/wp\/v2\/comments?post=49325"}],"wp:featuredmedia":[{"embeddable":true,"href":"https:\/\/lebouquet.brstdev.com\/fr\/wp-json\/wp\/v2\/media\/49211"}],"wp:attachment":[{"href":"https:\/\/lebouquet.brstdev.com\/fr\/wp-json\/wp\/v2\/media?parent=49325"}],"wp:term":[{"taxonomy":"recipe","embeddable":true,"href":"https:\/\/lebouquet.brstdev.com\/fr\/wp-json\/wp\/v2\/recipe?post=49325"},{"taxonomy":"product_brand","embeddable":true,"href":"https:\/\/lebouquet.brstdev.com\/fr\/wp-json\/wp\/v2\/product_brand?post=49325"},{"taxonomy":"product_cat","embeddable":true,"href":"https:\/\/lebouquet.brstdev.com\/fr\/wp-json\/wp\/v2\/product_cat?post=49325"},{"taxonomy":"product_tag","embeddable":true,"href":"https:\/\/lebouquet.brstdev.com\/fr\/wp-json\/wp\/v2\/product_tag?post=49325"}],"curies":[{"name":"wp","href":"https:\/\/api.w.org\/{rel}","templated":true}]}}