{"id":49209,"date":"2024-01-19T04:17:12","date_gmt":"2024-01-19T09:17:12","guid":{"rendered":"https:\/\/lebouquetnew.brstdev.com\/memory-cross\/"},"modified":"2025-08-13T06:13:40","modified_gmt":"2025-08-13T10:13:40","slug":"memorial-dadieu","status":"publish","type":"product","link":"https:\/\/lebouquet.brstdev.com\/fr\/memorial-dadieu\/","title":{"rendered":"M\u00e9morial d&rsquo;adieu"},"content":{"rendered":"<p>Croix blanche orn\u00e9e d&rsquo;une gerbe de fleurs aux teintes douces. Cet arrangement fun\u00e9raire tr\u00e8s populaire est une belle fa\u00e7on d&rsquo;honorer l&rsquo;\u00eatre cher qui nous a quitt\u00e9.<\/p>\n","protected":false},"excerpt":{"rendered":"<figure class=\"table\" style=\"width:150px;\">\n<table>\n<tbody>\n<tr>\n<td>Standard<\/td>\n<td>&#8211; 28&Prime; H<\/td>\n<\/tr>\n<tr>\n<td>De luxe<\/td>\n<td>&#8211; 34&Prime; H<\/td>\n<\/tr>\n<tr>\n<td>Premium<\/td>\n<td>&#8211; 40&Prime; H<\/td>\n<\/tr>\n<tr>\n<td>Exquis<\/td>\n<td>&#8211; 46&Prime; H<\/td>\n<\/tr>\n<\/tbody>\n<\/table>\n<\/figure>\n","protected":false},"featured_media":49077,"comment_status":"open","ping_status":"closed","template":"","meta":{"_acf_changed":false,"inline_featured_image":false},"recipe":[],"product_brand":[],"product_cat":[7634,7633,7620,7619],"product_tag":[],"class_list":{"0":"post-49209","1":"product","2":"type-product","3":"status-publish","4":"has-post-thumbnail","6":"product_cat-arrangements-en-forme-de-croix-funeraire","7":"product_cat-cross-shaped-arrangements","8":"product_cat-funeraire","9":"product_cat-funeral","11":"first","12":"instock","13":"shipping-taxable","14":"purchasable","15":"product-type-simple"},"acf":[],"_links":{"self":[{"href":"https:\/\/lebouquet.brstdev.com\/fr\/wp-json\/wp\/v2\/product\/49209","targetHints":{"allow":["GET"]}}],"collection":[{"href":"https:\/\/lebouquet.brstdev.com\/fr\/wp-json\/wp\/v2\/product"}],"about":[{"href":"https:\/\/lebouquet.brstdev.com\/fr\/wp-json\/wp\/v2\/types\/product"}],"replies":[{"embeddable":true,"href":"https:\/\/lebouquet.brstdev.com\/fr\/wp-json\/wp\/v2\/comments?post=49209"}],"wp:featuredmedia":[{"embeddable":true,"href":"https:\/\/lebouquet.brstdev.com\/fr\/wp-json\/wp\/v2\/media\/49077"}],"wp:attachment":[{"href":"https:\/\/lebouquet.brstdev.com\/fr\/wp-json\/wp\/v2\/media?parent=49209"}],"wp:term":[{"taxonomy":"recipe","embeddable":true,"href":"https:\/\/lebouquet.brstdev.com\/fr\/wp-json\/wp\/v2\/recipe?post=49209"},{"taxonomy":"product_brand","embeddable":true,"href":"https:\/\/lebouquet.brstdev.com\/fr\/wp-json\/wp\/v2\/product_brand?post=49209"},{"taxonomy":"product_cat","embeddable":true,"href":"https:\/\/lebouquet.brstdev.com\/fr\/wp-json\/wp\/v2\/product_cat?post=49209"},{"taxonomy":"product_tag","embeddable":true,"href":"https:\/\/lebouquet.brstdev.com\/fr\/wp-json\/wp\/v2\/product_tag?post=49209"}],"curies":[{"name":"wp","href":"https:\/\/api.w.org\/{rel}","templated":true}]}}