{"id":49075,"date":"2024-01-19T04:16:53","date_gmt":"2024-01-19T09:16:53","guid":{"rendered":"https:\/\/lebouquetnew.brstdev.com\/hope-and-honor-cross\/"},"modified":"2025-08-13T06:13:41","modified_gmt":"2025-08-13T10:13:41","slug":"espoir-et-honneur","status":"publish","type":"product","link":"https:\/\/lebouquet.brstdev.com\/fr\/espoir-et-honneur\/","title":{"rendered":"Espoir et honneur"},"content":{"rendered":"<p>Cette croix saisissante&nbsp;rouge et blanche rendra assur\u00e9ment un hommage spirituel \u00e0 un&nbsp;\u00eatre cher. Orn\u00e9e&nbsp;de chrysanth\u00e8mes blancs et d\u00e9cor\u00e9e avec une gerbe&nbsp;d&rsquo;\u0153illets rouges.<\/p>\n","protected":false},"excerpt":{"rendered":"<p>Environ &#8211; 40\u00a0\u00bb H x &nbsp;28&Prime; L<\/p>\n","protected":false},"featured_media":49068,"comment_status":"open","ping_status":"closed","template":"","meta":{"_acf_changed":false,"inline_featured_image":false},"recipe":[],"product_brand":[],"product_cat":[7634,7633,7620,7619],"product_tag":[],"class_list":{"0":"post-49075","1":"product","2":"type-product","3":"status-publish","4":"has-post-thumbnail","6":"product_cat-arrangements-en-forme-de-croix-funeraire","7":"product_cat-cross-shaped-arrangements","8":"product_cat-funeraire","9":"product_cat-funeral","11":"first","12":"instock","13":"shipping-taxable","14":"purchasable","15":"product-type-simple"},"acf":[],"_links":{"self":[{"href":"https:\/\/lebouquet.brstdev.com\/fr\/wp-json\/wp\/v2\/product\/49075","targetHints":{"allow":["GET"]}}],"collection":[{"href":"https:\/\/lebouquet.brstdev.com\/fr\/wp-json\/wp\/v2\/product"}],"about":[{"href":"https:\/\/lebouquet.brstdev.com\/fr\/wp-json\/wp\/v2\/types\/product"}],"replies":[{"embeddable":true,"href":"https:\/\/lebouquet.brstdev.com\/fr\/wp-json\/wp\/v2\/comments?post=49075"}],"wp:featuredmedia":[{"embeddable":true,"href":"https:\/\/lebouquet.brstdev.com\/fr\/wp-json\/wp\/v2\/media\/49068"}],"wp:attachment":[{"href":"https:\/\/lebouquet.brstdev.com\/fr\/wp-json\/wp\/v2\/media?parent=49075"}],"wp:term":[{"taxonomy":"recipe","embeddable":true,"href":"https:\/\/lebouquet.brstdev.com\/fr\/wp-json\/wp\/v2\/recipe?post=49075"},{"taxonomy":"product_brand","embeddable":true,"href":"https:\/\/lebouquet.brstdev.com\/fr\/wp-json\/wp\/v2\/product_brand?post=49075"},{"taxonomy":"product_cat","embeddable":true,"href":"https:\/\/lebouquet.brstdev.com\/fr\/wp-json\/wp\/v2\/product_cat?post=49075"},{"taxonomy":"product_tag","embeddable":true,"href":"https:\/\/lebouquet.brstdev.com\/fr\/wp-json\/wp\/v2\/product_tag?post=49075"}],"curies":[{"name":"wp","href":"https:\/\/api.w.org\/{rel}","templated":true}]}}