{"id":49057,"date":"2024-01-19T04:16:40","date_gmt":"2024-01-19T09:16:40","guid":{"rendered":"https:\/\/lebouquetnew.brstdev.com\/vibrant-summer-casket-spray\/"},"modified":"2025-08-13T06:13:42","modified_gmt":"2025-08-13T10:13:42","slug":"gerbe-ardeur-estivale","status":"publish","type":"product","link":"https:\/\/lebouquet.brstdev.com\/fr\/gerbe-ardeur-estivale\/","title":{"rendered":"Gerbe Ardeur estivale"},"content":{"rendered":"<p>Rendez hommage \u00e0 une vie riche et bien remplie gr\u00e2ce \u00e0 cette gerbe fun\u00e9raire compos\u00e9e de fleurs estivales. La gerbe est&nbsp;d\u00e9cor\u00e9e avec des tiges de delphinium hybride bleu rayonnant, des grappes de gerberas rouges, des fleurs jaunes et des \u0153illets oranges.<\/p>\n<p>Mesure environ 47&Prime;L&nbsp;x 32&Prime;H.<\/p>\n","protected":false},"excerpt":{"rendered":"<p style=\"text-align:center;\">47&Prime;L&nbsp;x 32&Prime;H<\/p>\n","protected":false},"featured_media":49050,"comment_status":"open","ping_status":"closed","template":"","meta":{"_acf_changed":false,"inline_featured_image":false},"recipe":[],"product_brand":[],"product_cat":[7637,7620,7619,7638],"product_tag":[],"class_list":{"0":"post-49057","1":"product","2":"type-product","3":"status-publish","4":"has-post-thumbnail","6":"product_cat-casket-sprays","7":"product_cat-funeraire","8":"product_cat-funeral","9":"product_cat-gerbes-de-cercueil-funeraire","11":"first","12":"instock","13":"shipping-taxable","14":"purchasable","15":"product-type-simple"},"acf":[],"_links":{"self":[{"href":"https:\/\/lebouquet.brstdev.com\/fr\/wp-json\/wp\/v2\/product\/49057","targetHints":{"allow":["GET"]}}],"collection":[{"href":"https:\/\/lebouquet.brstdev.com\/fr\/wp-json\/wp\/v2\/product"}],"about":[{"href":"https:\/\/lebouquet.brstdev.com\/fr\/wp-json\/wp\/v2\/types\/product"}],"replies":[{"embeddable":true,"href":"https:\/\/lebouquet.brstdev.com\/fr\/wp-json\/wp\/v2\/comments?post=49057"}],"wp:featuredmedia":[{"embeddable":true,"href":"https:\/\/lebouquet.brstdev.com\/fr\/wp-json\/wp\/v2\/media\/49050"}],"wp:attachment":[{"href":"https:\/\/lebouquet.brstdev.com\/fr\/wp-json\/wp\/v2\/media?parent=49057"}],"wp:term":[{"taxonomy":"recipe","embeddable":true,"href":"https:\/\/lebouquet.brstdev.com\/fr\/wp-json\/wp\/v2\/recipe?post=49057"},{"taxonomy":"product_brand","embeddable":true,"href":"https:\/\/lebouquet.brstdev.com\/fr\/wp-json\/wp\/v2\/product_brand?post=49057"},{"taxonomy":"product_cat","embeddable":true,"href":"https:\/\/lebouquet.brstdev.com\/fr\/wp-json\/wp\/v2\/product_cat?post=49057"},{"taxonomy":"product_tag","embeddable":true,"href":"https:\/\/lebouquet.brstdev.com\/fr\/wp-json\/wp\/v2\/product_tag?post=49057"}],"curies":[{"name":"wp","href":"https:\/\/api.w.org\/{rel}","templated":true}]}}