{"id":49048,"date":"2024-01-19T04:16:32","date_gmt":"2024-01-19T09:16:32","guid":{"rendered":"https:\/\/lebouquetnew.brstdev.com\/deluxe-pure-white-casket-spray\/"},"modified":"2025-12-04T11:34:54","modified_gmt":"2025-12-04T16:34:54","slug":"gerbe-purete-blanche","status":"publish","type":"product","link":"https:\/\/lebouquet.brstdev.com\/fr\/gerbe-purete-blanche\/","title":{"rendered":"Gerbe Puret\u00e9 blanche"},"content":{"rendered":"<p>Voici une gerbe fun\u00e9raire classique tout en blanc&nbsp;orn\u00e9e d&rsquo;\u0153illets, de gerberas, de gla\u00efeuls et d&rsquo;orchid\u00e9es dendrobium. Elle sera parfaite pour pr\u00e9senter vos hommages les plus sinc\u00e8res. La gerbe est livr\u00e9e et&nbsp;d\u00e9cor\u00e9e avec des&nbsp;roses et des girofl\u00e9es blanches ainsi que&nbsp;des palmes vert \u00e9meraude et du salal.<\/p>\n<p>Mesure environ 69&Prime;L&nbsp;x 33&Prime;H.<\/p>\n","protected":false},"excerpt":{"rendered":"<p style=\"text-align:center\">69&Prime;L&nbsp;x 33&Prime;H<\/p>\n","protected":false},"featured_media":49041,"comment_status":"open","ping_status":"closed","template":"","meta":{"_acf_changed":false},"recipe":[],"product_brand":[],"product_cat":[7620,7638],"product_tag":[],"class_list":{"0":"post-49048","1":"product","2":"type-product","3":"status-publish","4":"has-post-thumbnail","6":"product_cat-fleurs-funeraires-montreal","7":"product_cat-gerbes-de-cercueil-funeraire","9":"first","10":"instock","11":"shipping-taxable","12":"purchasable","13":"product-type-simple"},"acf":[],"_links":{"self":[{"href":"https:\/\/lebouquet.brstdev.com\/fr\/wp-json\/wp\/v2\/product\/49048","targetHints":{"allow":["GET"]}}],"collection":[{"href":"https:\/\/lebouquet.brstdev.com\/fr\/wp-json\/wp\/v2\/product"}],"about":[{"href":"https:\/\/lebouquet.brstdev.com\/fr\/wp-json\/wp\/v2\/types\/product"}],"replies":[{"embeddable":true,"href":"https:\/\/lebouquet.brstdev.com\/fr\/wp-json\/wp\/v2\/comments?post=49048"}],"wp:featuredmedia":[{"embeddable":true,"href":"https:\/\/lebouquet.brstdev.com\/fr\/wp-json\/wp\/v2\/media\/49041"}],"wp:attachment":[{"href":"https:\/\/lebouquet.brstdev.com\/fr\/wp-json\/wp\/v2\/media?parent=49048"}],"wp:term":[{"taxonomy":"recipe","embeddable":true,"href":"https:\/\/lebouquet.brstdev.com\/fr\/wp-json\/wp\/v2\/recipe?post=49048"},{"taxonomy":"product_brand","embeddable":true,"href":"https:\/\/lebouquet.brstdev.com\/fr\/wp-json\/wp\/v2\/product_brand?post=49048"},{"taxonomy":"product_cat","embeddable":true,"href":"https:\/\/lebouquet.brstdev.com\/fr\/wp-json\/wp\/v2\/product_cat?post=49048"},{"taxonomy":"product_tag","embeddable":true,"href":"https:\/\/lebouquet.brstdev.com\/fr\/wp-json\/wp\/v2\/product_tag?post=49048"}],"curies":[{"name":"wp","href":"https:\/\/api.w.org\/{rel}","templated":true}]}}