{"id":49039,"date":"2024-01-19T04:16:25","date_gmt":"2024-01-19T09:16:25","guid":{"rendered":"https:\/\/lebouquetnew.brstdev.com\/cherished-moments-casket-spray\/"},"modified":"2025-08-13T06:13:43","modified_gmt":"2025-08-13T10:13:43","slug":"gerbe-moments-precieux","status":"publish","type":"product","link":"https:\/\/lebouquet.brstdev.com\/fr\/gerbe-moments-precieux\/","title":{"rendered":"Gerbe Moments pr\u00e9cieux"},"content":{"rendered":"<p>Cette demi-gerbe pour cercueil comprend&nbsp;des girofl\u00e9es, des gueules-de-loup, des orchid\u00e9es dendrobium blanc&nbsp;et au centre une grappe de roses et d&rsquo;\u0153illets rouges.<\/p>\n<p>Mesure environ 48&Prime;L&nbsp;x 60&Prime;H.<\/p>\n","protected":false},"excerpt":{"rendered":"<p style=\"text-align:center;\">48&Prime;L&nbsp;x 60&Prime;H<\/p>\n","protected":false},"featured_media":49032,"comment_status":"open","ping_status":"closed","template":"","meta":{"_acf_changed":false,"inline_featured_image":false},"recipe":[],"product_brand":[],"product_cat":[7637,7620,7619,7638],"product_tag":[],"class_list":{"0":"post-49039","1":"product","2":"type-product","3":"status-publish","4":"has-post-thumbnail","6":"product_cat-casket-sprays","7":"product_cat-funeraire","8":"product_cat-funeral","9":"product_cat-gerbes-de-cercueil-funeraire","11":"first","12":"instock","13":"shipping-taxable","14":"purchasable","15":"product-type-simple"},"acf":[],"_links":{"self":[{"href":"https:\/\/lebouquet.brstdev.com\/fr\/wp-json\/wp\/v2\/product\/49039","targetHints":{"allow":["GET"]}}],"collection":[{"href":"https:\/\/lebouquet.brstdev.com\/fr\/wp-json\/wp\/v2\/product"}],"about":[{"href":"https:\/\/lebouquet.brstdev.com\/fr\/wp-json\/wp\/v2\/types\/product"}],"replies":[{"embeddable":true,"href":"https:\/\/lebouquet.brstdev.com\/fr\/wp-json\/wp\/v2\/comments?post=49039"}],"wp:featuredmedia":[{"embeddable":true,"href":"https:\/\/lebouquet.brstdev.com\/fr\/wp-json\/wp\/v2\/media\/49032"}],"wp:attachment":[{"href":"https:\/\/lebouquet.brstdev.com\/fr\/wp-json\/wp\/v2\/media?parent=49039"}],"wp:term":[{"taxonomy":"recipe","embeddable":true,"href":"https:\/\/lebouquet.brstdev.com\/fr\/wp-json\/wp\/v2\/recipe?post=49039"},{"taxonomy":"product_brand","embeddable":true,"href":"https:\/\/lebouquet.brstdev.com\/fr\/wp-json\/wp\/v2\/product_brand?post=49039"},{"taxonomy":"product_cat","embeddable":true,"href":"https:\/\/lebouquet.brstdev.com\/fr\/wp-json\/wp\/v2\/product_cat?post=49039"},{"taxonomy":"product_tag","embeddable":true,"href":"https:\/\/lebouquet.brstdev.com\/fr\/wp-json\/wp\/v2\/product_tag?post=49039"}],"curies":[{"name":"wp","href":"https:\/\/api.w.org\/{rel}","templated":true}]}}