{"id":49003,"date":"2024-01-19T04:15:41","date_gmt":"2024-01-19T09:15:41","guid":{"rendered":"https:\/\/lebouquetnew.brstdev.com\/blooming-red-roses-casket-spray\/"},"modified":"2025-08-13T06:28:27","modified_gmt":"2025-08-13T10:28:27","slug":"profusion-de-roses-rouges","status":"publish","type":"product","link":"https:\/\/lebouquet.brstdev.com\/fr\/profusion-de-roses-rouges\/","title":{"rendered":"Profusion de roses rouges"},"content":{"rendered":"<p>Cette gerbe de roses rouges exprimera toutes vos sympathies&nbsp;envers les personnes endeuill\u00e9es.&nbsp;Quarante-huit roses&nbsp;sont arrang\u00e9es et d\u00e9pos\u00e9es&nbsp;d\u00e9licatement sur le couvercle du cercueil.<\/p>\n<p>Mesure environ 44&Prime;L&nbsp;x 36&Prime;H.<\/p>\n<p>STANDARD =&nbsp;48 roses (repr\u00e9sent\u00e9 sur la photo),<\/p>\n<p>DE LUXE =&nbsp;60 roses<\/p>\n<p>PREMIUM =&nbsp;72 roses<\/p>\n","protected":false},"excerpt":{"rendered":"<p style=\"text-align:center;\"><strong>Standard<\/strong> 48 roses (shown)<br \/><strong>Deluxe<\/strong> 60 roses<br \/><strong>Premium<\/strong> 72 roses<\/p>\n","protected":false},"featured_media":48973,"comment_status":"open","ping_status":"closed","template":"","meta":{"_acf_changed":false},"recipe":[],"product_brand":[],"product_cat":[7637,7620,7619,7638],"product_tag":[],"class_list":{"0":"post-49003","1":"product","2":"type-product","3":"status-publish","4":"has-post-thumbnail","6":"product_cat-casket-sprays","7":"product_cat-fleurs-funeraires-montreal","8":"product_cat-funeral-flowers-montreal","9":"product_cat-gerbes-de-cercueil-funeraire","11":"first","12":"instock","13":"shipping-taxable","14":"purchasable","15":"product-type-simple"},"acf":[],"_links":{"self":[{"href":"https:\/\/lebouquet.brstdev.com\/fr\/wp-json\/wp\/v2\/product\/49003","targetHints":{"allow":["GET"]}}],"collection":[{"href":"https:\/\/lebouquet.brstdev.com\/fr\/wp-json\/wp\/v2\/product"}],"about":[{"href":"https:\/\/lebouquet.brstdev.com\/fr\/wp-json\/wp\/v2\/types\/product"}],"replies":[{"embeddable":true,"href":"https:\/\/lebouquet.brstdev.com\/fr\/wp-json\/wp\/v2\/comments?post=49003"}],"wp:featuredmedia":[{"embeddable":true,"href":"https:\/\/lebouquet.brstdev.com\/fr\/wp-json\/wp\/v2\/media\/48973"}],"wp:attachment":[{"href":"https:\/\/lebouquet.brstdev.com\/fr\/wp-json\/wp\/v2\/media?parent=49003"}],"wp:term":[{"taxonomy":"recipe","embeddable":true,"href":"https:\/\/lebouquet.brstdev.com\/fr\/wp-json\/wp\/v2\/recipe?post=49003"},{"taxonomy":"product_brand","embeddable":true,"href":"https:\/\/lebouquet.brstdev.com\/fr\/wp-json\/wp\/v2\/product_brand?post=49003"},{"taxonomy":"product_cat","embeddable":true,"href":"https:\/\/lebouquet.brstdev.com\/fr\/wp-json\/wp\/v2\/product_cat?post=49003"},{"taxonomy":"product_tag","embeddable":true,"href":"https:\/\/lebouquet.brstdev.com\/fr\/wp-json\/wp\/v2\/product_tag?post=49003"}],"curies":[{"name":"wp","href":"https:\/\/api.w.org\/{rel}","templated":true}]}}