{"id":48917,"date":"2024-01-19T04:08:23","date_gmt":"2024-01-19T09:08:23","guid":{"rendered":"https:\/\/lebouquetnew.brstdev.com\/red-regards-casket-spray\/"},"modified":"2026-03-16T04:29:53","modified_gmt":"2026-03-16T08:29:53","slug":"gerbe-souvenir-ecarlate","status":"publish","type":"product","link":"https:\/\/lebouquet.brstdev.com\/fr\/gerbe-souvenir-ecarlate\/","title":{"rendered":"Gerbe Souvenir \u00e9carlate"},"content":{"rendered":"<p>Cette gerbe fun\u00e9raire classique est compos\u00e9e\u00a0d&rsquo;\u0153illets rouges pour\u00a0exprimer\u00a0votre amour inconditionnel. Comprend aussi du feuillage ornemental\u00a0et un magnifique ruban.<\/p>\n<p>Mesure environ 47&Prime;L\u00a0x 27&Prime;H.<\/p>\n","protected":false},"excerpt":{"rendered":"<p style=\"text-align: center;\">47&Prime;L\u00a0x 27&Prime;H<\/p>\n","protected":false},"featured_media":48910,"comment_status":"open","ping_status":"closed","template":"","meta":{"_acf_changed":false},"recipe":[],"product_brand":[],"product_cat":[7620,7638],"product_tag":[],"class_list":{"0":"post-48917","1":"product","2":"type-product","3":"status-publish","4":"has-post-thumbnail","6":"product_cat-fleurs-funeraires-montreal","7":"product_cat-gerbes-de-cercueil-funeraire","9":"first","10":"instock","11":"shipping-taxable","12":"purchasable","13":"product-type-simple"},"acf":[],"_links":{"self":[{"href":"https:\/\/lebouquet.brstdev.com\/fr\/wp-json\/wp\/v2\/product\/48917","targetHints":{"allow":["GET"]}}],"collection":[{"href":"https:\/\/lebouquet.brstdev.com\/fr\/wp-json\/wp\/v2\/product"}],"about":[{"href":"https:\/\/lebouquet.brstdev.com\/fr\/wp-json\/wp\/v2\/types\/product"}],"replies":[{"embeddable":true,"href":"https:\/\/lebouquet.brstdev.com\/fr\/wp-json\/wp\/v2\/comments?post=48917"}],"wp:featuredmedia":[{"embeddable":true,"href":"https:\/\/lebouquet.brstdev.com\/fr\/wp-json\/wp\/v2\/media\/48910"}],"wp:attachment":[{"href":"https:\/\/lebouquet.brstdev.com\/fr\/wp-json\/wp\/v2\/media?parent=48917"}],"wp:term":[{"taxonomy":"recipe","embeddable":true,"href":"https:\/\/lebouquet.brstdev.com\/fr\/wp-json\/wp\/v2\/recipe?post=48917"},{"taxonomy":"product_brand","embeddable":true,"href":"https:\/\/lebouquet.brstdev.com\/fr\/wp-json\/wp\/v2\/product_brand?post=48917"},{"taxonomy":"product_cat","embeddable":true,"href":"https:\/\/lebouquet.brstdev.com\/fr\/wp-json\/wp\/v2\/product_cat?post=48917"},{"taxonomy":"product_tag","embeddable":true,"href":"https:\/\/lebouquet.brstdev.com\/fr\/wp-json\/wp\/v2\/product_tag?post=48917"}],"curies":[{"name":"wp","href":"https:\/\/api.w.org\/{rel}","templated":true}]}}