{"id":48871,"date":"2024-01-19T04:07:05","date_gmt":"2024-01-19T09:07:05","guid":{"rendered":"https:\/\/lebouquetnew.brstdev.com\/hope-and-honor-basket\/"},"modified":"2025-08-13T06:13:54","modified_gmt":"2025-08-13T10:13:54","slug":"panier-gloire-et-espoir","status":"publish","type":"product","link":"https:\/\/lebouquet.brstdev.com\/fr\/panier-gloire-et-espoir\/","title":{"rendered":"Panier Gloire et espoir"},"content":{"rendered":"<p>Cet arrangement avec son cort\u00e8ge d&rsquo;\u0153illets rend hommage \u00e0 l&rsquo;\u00eatre cher avec tous vos voeux de sympathies les plus chaleureux. Vous y verrez une&nbsp;combinaison&nbsp;d&rsquo;\u0153illets&nbsp;dans une corbeille fun\u00e9raire traditionnelle blanche. \u00c0 vous de choisir l&rsquo;agencement de couleur pr\u00e9f\u00e9r\u00e9.<\/p>\n","protected":false},"excerpt":{"rendered":"<figure class=\"table\" style=\"width:400px\">\n<table>\n<tbody>\n<tr>\n<td>Standard<\/td>\n<td>Environ<\/td>\n<td>28\u00a0\u00bbH x 24\u00a0\u00bbL<\/td>\n<\/tr>\n<tr>\n<td>De luxe<\/td>\n<td>Environ<\/td>\n<td>28\u00a0\u00bbH x 26\u00a0\u00bbL<\/td>\n<\/tr>\n<tr>\n<td>Premium<\/td>\n<td>Environ<\/td>\n<td>31\u00a0\u00bbH x 31\u00a0\u00bbL<\/td>\n<\/tr>\n<tr>\n<td>Exquis<\/td>\n<td>Environ<\/td>\n<td>34\u00a0\u00bbH x 31\u00a0\u00bbL<\/td>\n<\/tr>\n<\/tbody>\n<\/table>\n<\/figure>\n","protected":false},"featured_media":48805,"comment_status":"open","ping_status":"closed","template":"","meta":{"_acf_changed":false,"inline_featured_image":false},"recipe":[],"product_brand":[],"product_cat":[7626,7620,7625,7619],"product_tag":[],"class_list":{"0":"post-48871","1":"product","2":"type-product","3":"status-publish","4":"has-post-thumbnail","6":"product_cat-arrangements-pour-les-etablissements-funeraires-funeraire","7":"product_cat-funeraire","8":"product_cat-funeral-establishment-arrangements","9":"product_cat-funeral","11":"first","12":"instock","13":"shipping-taxable","14":"purchasable","15":"product-type-simple"},"acf":[],"_links":{"self":[{"href":"https:\/\/lebouquet.brstdev.com\/fr\/wp-json\/wp\/v2\/product\/48871","targetHints":{"allow":["GET"]}}],"collection":[{"href":"https:\/\/lebouquet.brstdev.com\/fr\/wp-json\/wp\/v2\/product"}],"about":[{"href":"https:\/\/lebouquet.brstdev.com\/fr\/wp-json\/wp\/v2\/types\/product"}],"replies":[{"embeddable":true,"href":"https:\/\/lebouquet.brstdev.com\/fr\/wp-json\/wp\/v2\/comments?post=48871"}],"wp:featuredmedia":[{"embeddable":true,"href":"https:\/\/lebouquet.brstdev.com\/fr\/wp-json\/wp\/v2\/media\/48805"}],"wp:attachment":[{"href":"https:\/\/lebouquet.brstdev.com\/fr\/wp-json\/wp\/v2\/media?parent=48871"}],"wp:term":[{"taxonomy":"recipe","embeddable":true,"href":"https:\/\/lebouquet.brstdev.com\/fr\/wp-json\/wp\/v2\/recipe?post=48871"},{"taxonomy":"product_brand","embeddable":true,"href":"https:\/\/lebouquet.brstdev.com\/fr\/wp-json\/wp\/v2\/product_brand?post=48871"},{"taxonomy":"product_cat","embeddable":true,"href":"https:\/\/lebouquet.brstdev.com\/fr\/wp-json\/wp\/v2\/product_cat?post=48871"},{"taxonomy":"product_tag","embeddable":true,"href":"https:\/\/lebouquet.brstdev.com\/fr\/wp-json\/wp\/v2\/product_tag?post=48871"}],"curies":[{"name":"wp","href":"https:\/\/api.w.org\/{rel}","templated":true}]}}