{"id":48739,"date":"2024-01-19T04:05:53","date_gmt":"2024-01-19T09:05:53","guid":{"rendered":"https:\/\/lebouquetnew.brstdev.com\/brighter-blessings-arrangement\/"},"modified":"2025-08-13T06:13:57","modified_gmt":"2025-08-13T10:13:57","slug":"corbeille-jaune-vibrant","status":"publish","type":"product","link":"https:\/\/lebouquet.brstdev.com\/fr\/corbeille-jaune-vibrant\/","title":{"rendered":"Corbeille Jaune vibrant"},"content":{"rendered":"<p>Avec ces fleurs jaune&nbsp;vif, cet arrangement se veut une pri\u00e8re d&rsquo;espoir. Il est compos\u00e9 d&rsquo;\u0153illets, de&nbsp;chrysanth\u00e8mes, de&nbsp;lys, de&nbsp;gueules-de-loup jaune&nbsp;dans un simple contenant fait en carton jetable. &nbsp;<\/p>\n<p>Mesure environ 22&Prime;L&nbsp;x 42&Prime;H<\/p>\n","protected":false},"excerpt":{"rendered":"<p>Environ 22&Prime;L&nbsp;x 42&Prime;H<\/p>\n","protected":false},"featured_media":48732,"comment_status":"open","ping_status":"closed","template":"","meta":{"_acf_changed":false,"inline_featured_image":false},"recipe":[],"product_brand":[],"product_cat":[7626,7620,7625,7619],"product_tag":[],"class_list":{"0":"post-48739","1":"product","2":"type-product","3":"status-publish","4":"has-post-thumbnail","6":"product_cat-arrangements-pour-les-etablissements-funeraires-funeraire","7":"product_cat-funeraire","8":"product_cat-funeral-establishment-arrangements","9":"product_cat-funeral","11":"first","12":"instock","13":"shipping-taxable","14":"purchasable","15":"product-type-simple"},"acf":[],"_links":{"self":[{"href":"https:\/\/lebouquet.brstdev.com\/fr\/wp-json\/wp\/v2\/product\/48739","targetHints":{"allow":["GET"]}}],"collection":[{"href":"https:\/\/lebouquet.brstdev.com\/fr\/wp-json\/wp\/v2\/product"}],"about":[{"href":"https:\/\/lebouquet.brstdev.com\/fr\/wp-json\/wp\/v2\/types\/product"}],"replies":[{"embeddable":true,"href":"https:\/\/lebouquet.brstdev.com\/fr\/wp-json\/wp\/v2\/comments?post=48739"}],"wp:featuredmedia":[{"embeddable":true,"href":"https:\/\/lebouquet.brstdev.com\/fr\/wp-json\/wp\/v2\/media\/48732"}],"wp:attachment":[{"href":"https:\/\/lebouquet.brstdev.com\/fr\/wp-json\/wp\/v2\/media?parent=48739"}],"wp:term":[{"taxonomy":"recipe","embeddable":true,"href":"https:\/\/lebouquet.brstdev.com\/fr\/wp-json\/wp\/v2\/recipe?post=48739"},{"taxonomy":"product_brand","embeddable":true,"href":"https:\/\/lebouquet.brstdev.com\/fr\/wp-json\/wp\/v2\/product_brand?post=48739"},{"taxonomy":"product_cat","embeddable":true,"href":"https:\/\/lebouquet.brstdev.com\/fr\/wp-json\/wp\/v2\/product_cat?post=48739"},{"taxonomy":"product_tag","embeddable":true,"href":"https:\/\/lebouquet.brstdev.com\/fr\/wp-json\/wp\/v2\/product_tag?post=48739"}],"curies":[{"name":"wp","href":"https:\/\/api.w.org\/{rel}","templated":true}]}}