{"id":48662,"date":"2024-01-19T04:04:52","date_gmt":"2024-01-19T09:04:52","guid":{"rendered":"https:\/\/lebouquetnew.brstdev.com\/vibrant-yellow-basket\/"},"modified":"2025-08-13T06:14:01","modified_gmt":"2025-08-13T10:14:01","slug":"panier-serenade-ardente","status":"publish","type":"product","link":"https:\/\/lebouquet.brstdev.com\/fr\/panier-serenade-ardente\/","title":{"rendered":"Panier S\u00e9r\u00e9nade ardente"},"content":{"rendered":"<p>Cet arrangement traditionnel aux couleurs jaune, vert et blanc transmettra vos v\u0153ux les plus chaleureux \u00e0 la famille et les amis. Un arrangement de gla\u00efeuls blancs, d&rsquo;\u0153illets jaunes et des bourgeons de chrysanth\u00e8mes est livr\u00e9 dans un panier d&rsquo;osier rond.&nbsp;Hors saison, les gla\u00efeuls seront remplac\u00e9s par des mufliers.<\/p>\n","protected":false},"excerpt":{"rendered":"<figure class=\"table\" style=\"width:200px\">\n<table>\n<tbody>\n<tr>\n<td>Environ<\/td>\n<td>35&Prime;H&nbsp;x 34&Prime;L<\/td>\n<\/tr>\n<\/tbody>\n<\/table>\n<\/figure>\n","protected":false},"featured_media":48655,"comment_status":"open","ping_status":"closed","template":"","meta":{"_acf_changed":false,"inline_featured_image":false},"recipe":[],"product_brand":[],"product_cat":[7626,7620,7625,7619],"product_tag":[],"class_list":{"0":"post-48662","1":"product","2":"type-product","3":"status-publish","4":"has-post-thumbnail","6":"product_cat-arrangements-pour-les-etablissements-funeraires-funeraire","7":"product_cat-funeraire","8":"product_cat-funeral-establishment-arrangements","9":"product_cat-funeral","11":"first","12":"instock","13":"shipping-taxable","14":"purchasable","15":"product-type-simple"},"acf":[],"_links":{"self":[{"href":"https:\/\/lebouquet.brstdev.com\/fr\/wp-json\/wp\/v2\/product\/48662","targetHints":{"allow":["GET"]}}],"collection":[{"href":"https:\/\/lebouquet.brstdev.com\/fr\/wp-json\/wp\/v2\/product"}],"about":[{"href":"https:\/\/lebouquet.brstdev.com\/fr\/wp-json\/wp\/v2\/types\/product"}],"replies":[{"embeddable":true,"href":"https:\/\/lebouquet.brstdev.com\/fr\/wp-json\/wp\/v2\/comments?post=48662"}],"wp:featuredmedia":[{"embeddable":true,"href":"https:\/\/lebouquet.brstdev.com\/fr\/wp-json\/wp\/v2\/media\/48655"}],"wp:attachment":[{"href":"https:\/\/lebouquet.brstdev.com\/fr\/wp-json\/wp\/v2\/media?parent=48662"}],"wp:term":[{"taxonomy":"recipe","embeddable":true,"href":"https:\/\/lebouquet.brstdev.com\/fr\/wp-json\/wp\/v2\/recipe?post=48662"},{"taxonomy":"product_brand","embeddable":true,"href":"https:\/\/lebouquet.brstdev.com\/fr\/wp-json\/wp\/v2\/product_brand?post=48662"},{"taxonomy":"product_cat","embeddable":true,"href":"https:\/\/lebouquet.brstdev.com\/fr\/wp-json\/wp\/v2\/product_cat?post=48662"},{"taxonomy":"product_tag","embeddable":true,"href":"https:\/\/lebouquet.brstdev.com\/fr\/wp-json\/wp\/v2\/product_tag?post=48662"}],"curies":[{"name":"wp","href":"https:\/\/api.w.org\/{rel}","templated":true}]}}