{"id":48653,"date":"2024-01-19T04:04:46","date_gmt":"2024-01-19T09:04:46","guid":{"rendered":"https:\/\/lebouquetnew.brstdev.com\/the-ftd-timeless-tribute-basket\/"},"modified":"2025-08-13T06:14:02","modified_gmt":"2025-08-13T10:14:02","slug":"hommage-eternel-de-ftd","status":"publish","type":"product","link":"https:\/\/lebouquet.brstdev.com\/fr\/hommage-eternel-de-ftd\/","title":{"rendered":"Hommage \u00e9ternel de FTD"},"content":{"rendered":"<p>Cette magnifique corbeille&nbsp;florale garnie de&nbsp;ses couleurs jaune, orange et rose, agr\u00e9ment\u00e9e de son cort\u00e8ge de verdure est l&rsquo;arrangement parfait pour offrir vos sympathies les plus ch\u00e8res. Appropri\u00e9e pour le salon fun\u00e9raire et la maison.&nbsp;<\/p>\n","protected":false},"excerpt":{"rendered":"<figure class=\"table\" style=\"width:200px\">\n<table>\n<tbody>\n<tr>\n<td>Environ<\/td>\n<td>&#8211;&nbsp;34&Prime;H x 40&Prime;L<\/td>\n<\/tr>\n<\/tbody>\n<\/table>\n<\/figure>\n","protected":false},"featured_media":48646,"comment_status":"open","ping_status":"closed","template":"","meta":{"_acf_changed":false,"inline_featured_image":false},"recipe":[],"product_brand":[],"product_cat":[7626,7620,7625,7619],"product_tag":[],"class_list":{"0":"post-48653","1":"product","2":"type-product","3":"status-publish","4":"has-post-thumbnail","6":"product_cat-arrangements-pour-les-etablissements-funeraires-funeraire","7":"product_cat-funeraire","8":"product_cat-funeral-establishment-arrangements","9":"product_cat-funeral","11":"first","12":"instock","13":"shipping-taxable","14":"purchasable","15":"product-type-simple"},"acf":[],"_links":{"self":[{"href":"https:\/\/lebouquet.brstdev.com\/fr\/wp-json\/wp\/v2\/product\/48653","targetHints":{"allow":["GET"]}}],"collection":[{"href":"https:\/\/lebouquet.brstdev.com\/fr\/wp-json\/wp\/v2\/product"}],"about":[{"href":"https:\/\/lebouquet.brstdev.com\/fr\/wp-json\/wp\/v2\/types\/product"}],"replies":[{"embeddable":true,"href":"https:\/\/lebouquet.brstdev.com\/fr\/wp-json\/wp\/v2\/comments?post=48653"}],"wp:featuredmedia":[{"embeddable":true,"href":"https:\/\/lebouquet.brstdev.com\/fr\/wp-json\/wp\/v2\/media\/48646"}],"wp:attachment":[{"href":"https:\/\/lebouquet.brstdev.com\/fr\/wp-json\/wp\/v2\/media?parent=48653"}],"wp:term":[{"taxonomy":"recipe","embeddable":true,"href":"https:\/\/lebouquet.brstdev.com\/fr\/wp-json\/wp\/v2\/recipe?post=48653"},{"taxonomy":"product_brand","embeddable":true,"href":"https:\/\/lebouquet.brstdev.com\/fr\/wp-json\/wp\/v2\/product_brand?post=48653"},{"taxonomy":"product_cat","embeddable":true,"href":"https:\/\/lebouquet.brstdev.com\/fr\/wp-json\/wp\/v2\/product_cat?post=48653"},{"taxonomy":"product_tag","embeddable":true,"href":"https:\/\/lebouquet.brstdev.com\/fr\/wp-json\/wp\/v2\/product_tag?post=48653"}],"curies":[{"name":"wp","href":"https:\/\/api.w.org\/{rel}","templated":true}]}}