{"id":48644,"date":"2024-01-19T04:04:38","date_gmt":"2024-01-19T09:04:38","guid":{"rendered":"https:\/\/lebouquetnew.brstdev.com\/white-expressions-basket\/"},"modified":"2025-08-13T06:14:03","modified_gmt":"2025-08-13T10:14:03","slug":"expressions-en-blanc","status":"publish","type":"product","link":"https:\/\/lebouquet.brstdev.com\/fr\/expressions-en-blanc\/","title":{"rendered":"Expressions en blanc"},"content":{"rendered":"<p>Si vous voulez rendre un hommage majestueux, envoyez cet arrangement impressionnant de fleurs blanches. Elles communiqueront avec justesse comment vous vous sentez. Une corbeille fun\u00e9raire de design traditionnel arrive avec des \u0153illets, des gla\u00efeuls, des pieds-d&rsquo;alouette et des gueule-de-loup blancs.&nbsp;Hors saison, les gla\u00efeuls seront remplac\u00e9s par des mufliers.<\/p>\n","protected":false},"excerpt":{"rendered":"<figure class=\"table\" style=\"width:200px;\">\n<table>\n<tbody>\n<tr>\n<td>Environ<\/td>\n<td>&#8211;&nbsp;33&Prime;L&nbsp;x 38&Prime;H<\/td>\n<\/tr>\n<\/tbody>\n<\/table>\n<\/figure>\n","protected":false},"featured_media":48637,"comment_status":"open","ping_status":"closed","template":"","meta":{"_acf_changed":false,"inline_featured_image":false},"recipe":[],"product_brand":[],"product_cat":[7626,7620,7625,7619],"product_tag":[],"class_list":{"0":"post-48644","1":"product","2":"type-product","3":"status-publish","4":"has-post-thumbnail","6":"product_cat-arrangements-pour-les-etablissements-funeraires-funeraire","7":"product_cat-funeraire","8":"product_cat-funeral-establishment-arrangements","9":"product_cat-funeral","11":"first","12":"instock","13":"shipping-taxable","14":"purchasable","15":"product-type-simple"},"acf":[],"_links":{"self":[{"href":"https:\/\/lebouquet.brstdev.com\/fr\/wp-json\/wp\/v2\/product\/48644","targetHints":{"allow":["GET"]}}],"collection":[{"href":"https:\/\/lebouquet.brstdev.com\/fr\/wp-json\/wp\/v2\/product"}],"about":[{"href":"https:\/\/lebouquet.brstdev.com\/fr\/wp-json\/wp\/v2\/types\/product"}],"replies":[{"embeddable":true,"href":"https:\/\/lebouquet.brstdev.com\/fr\/wp-json\/wp\/v2\/comments?post=48644"}],"wp:featuredmedia":[{"embeddable":true,"href":"https:\/\/lebouquet.brstdev.com\/fr\/wp-json\/wp\/v2\/media\/48637"}],"wp:attachment":[{"href":"https:\/\/lebouquet.brstdev.com\/fr\/wp-json\/wp\/v2\/media?parent=48644"}],"wp:term":[{"taxonomy":"recipe","embeddable":true,"href":"https:\/\/lebouquet.brstdev.com\/fr\/wp-json\/wp\/v2\/recipe?post=48644"},{"taxonomy":"product_brand","embeddable":true,"href":"https:\/\/lebouquet.brstdev.com\/fr\/wp-json\/wp\/v2\/product_brand?post=48644"},{"taxonomy":"product_cat","embeddable":true,"href":"https:\/\/lebouquet.brstdev.com\/fr\/wp-json\/wp\/v2\/product_cat?post=48644"},{"taxonomy":"product_tag","embeddable":true,"href":"https:\/\/lebouquet.brstdev.com\/fr\/wp-json\/wp\/v2\/product_tag?post=48644"}],"curies":[{"name":"wp","href":"https:\/\/api.w.org\/{rel}","templated":true}]}}