{"id":48608,"date":"2024-01-19T04:04:04","date_gmt":"2024-01-19T09:04:04","guid":{"rendered":"https:\/\/lebouquetnew.brstdev.com\/exotic-explosion-2\/"},"modified":"2025-08-13T06:14:06","modified_gmt":"2025-08-13T10:14:06","slug":"oiseaux-exotiques","status":"publish","type":"product","link":"https:\/\/lebouquet.brstdev.com\/fr\/oiseaux-exotiques\/","title":{"rendered":"Oiseaux exotiques"},"content":{"rendered":"<p>Lib\u00e9rez vos sentiments avec cet arrangement exceptionnel de fleurs exotiques dispos\u00e9es \u00e0 travers un feuillage&nbsp;luxuriant.&nbsp;Tout simplement magnifique! Environ 30&Prime;H&nbsp;x 30&Prime;L.<\/p>\n","protected":false},"excerpt":{"rendered":"<p>Lib\u00e9rez vos sentiments avec cet arrangement exceptionnel de fleurs exotiques dispos\u00e9es \u00e0 travers un feuillage&nbsp;luxuriant.&nbsp;Tout simplement magnifique! Environ 30&Prime;H&nbsp;x 30&Prime;L.<\/p>\n","protected":false},"featured_media":106305,"comment_status":"open","ping_status":"closed","template":"","meta":{"_acf_changed":false,"inline_featured_image":false},"recipe":[],"product_brand":[],"product_cat":[7818,15],"product_tag":[],"class_list":{"0":"post-48608","1":"product","2":"type-product","3":"status-publish","4":"has-post-thumbnail","6":"product_cat-uncategorized-fr","7":"product_cat-uncategorized","9":"first","10":"instock","11":"shipping-taxable","12":"purchasable","13":"product-type-simple"},"acf":[],"_links":{"self":[{"href":"https:\/\/lebouquet.brstdev.com\/fr\/wp-json\/wp\/v2\/product\/48608","targetHints":{"allow":["GET"]}}],"collection":[{"href":"https:\/\/lebouquet.brstdev.com\/fr\/wp-json\/wp\/v2\/product"}],"about":[{"href":"https:\/\/lebouquet.brstdev.com\/fr\/wp-json\/wp\/v2\/types\/product"}],"replies":[{"embeddable":true,"href":"https:\/\/lebouquet.brstdev.com\/fr\/wp-json\/wp\/v2\/comments?post=48608"}],"wp:featuredmedia":[{"embeddable":true,"href":"https:\/\/lebouquet.brstdev.com\/fr\/wp-json\/wp\/v2\/media\/106305"}],"wp:attachment":[{"href":"https:\/\/lebouquet.brstdev.com\/fr\/wp-json\/wp\/v2\/media?parent=48608"}],"wp:term":[{"taxonomy":"recipe","embeddable":true,"href":"https:\/\/lebouquet.brstdev.com\/fr\/wp-json\/wp\/v2\/recipe?post=48608"},{"taxonomy":"product_brand","embeddable":true,"href":"https:\/\/lebouquet.brstdev.com\/fr\/wp-json\/wp\/v2\/product_brand?post=48608"},{"taxonomy":"product_cat","embeddable":true,"href":"https:\/\/lebouquet.brstdev.com\/fr\/wp-json\/wp\/v2\/product_cat?post=48608"},{"taxonomy":"product_tag","embeddable":true,"href":"https:\/\/lebouquet.brstdev.com\/fr\/wp-json\/wp\/v2\/product_tag?post=48608"}],"curies":[{"name":"wp","href":"https:\/\/api.w.org\/{rel}","templated":true}]}}