{"id":48554,"date":"2024-01-19T04:03:21","date_gmt":"2024-01-19T09:03:21","guid":{"rendered":"https:\/\/lebouquetnew.brstdev.com\/bold-joy\/"},"modified":"2025-08-13T06:14:10","modified_gmt":"2025-08-13T10:14:10","slug":"joie-audacieuse","status":"publish","type":"product","link":"https:\/\/lebouquet.brstdev.com\/fr\/joie-audacieuse\/","title":{"rendered":"Joie Audacieuse"},"content":{"rendered":"<p>C\u00e9l\u00e9brez la vie avec \u00e9clat gr\u00e2ce \u00e0 \u00ab\u00a0Joie Audacieuse\u00a0\u00bb \u2013 un arrangement floral unilat\u00e9ral rempli de fleurs color\u00e9es et vibrantes. Con\u00e7u avec des lys orange, des gerberas roses, des roses, des mufliers, des marguerites et d&rsquo;autres fleurs \u00e9clatantes, ce bouquet apporte une touche de bonheur instantan\u00e9. Parfait pour les anniversaires, les remerciements ou pour faire plaisir.<\/p>\n<p>Disponible en trois formats :<\/p>\n<p><strong>Standard<\/strong> \u2013 Env. 14&Prime; H x 14&Prime; L<\/p>\n<p><strong>Deluxe<\/strong> \u2013 Env. 18&Prime; H x 16&Prime; L<\/p>\n<p><strong>Premium<\/strong> \u2013 Env. 22&Prime; H x 18&Prime; L<\/p>\n<p>Chaque format est soigneusement arrang\u00e9 vers l\u2019avant pour une pr\u00e9sentation visuelle dynamique et percutante.<br \/><i>Veuillez noter : Les fleurs et vari\u00e9t\u00e9s peuvent varier selon la disponibilit\u00e9 saisonni\u00e8re.<\/i><\/p>\n","protected":false},"excerpt":{"rendered":"<p>C\u00e9l\u00e9brez la vie avec \u00e9clat gr\u00e2ce \u00e0 \u00ab\u00a0Joie Audacieuse\u00a0\u00bb \u2013 un arrangement floral unilat\u00e9ral rempli de fleurs color\u00e9es et vibrantes. Con\u00e7u avec des lys orange, des gerberas roses, des roses, des mufliers, des marguerites et d&rsquo;autres fleurs \u00e9clatantes, ce bouquet apporte une touche de bonheur instantan\u00e9. Parfait pour les anniversaires, les remerciements ou pour faire [&hellip;]<\/p>\n","protected":false},"featured_media":110523,"comment_status":"open","ping_status":"closed","template":"","meta":{"_acf_changed":false,"inline_featured_image":false},"recipe":[],"product_brand":[],"product_cat":[7592,7565,7566,7591,7560,7559,7569,17153],"product_tag":[],"class_list":{"0":"post-48554","1":"product","2":"type-product","3":"status-publish","4":"has-post-thumbnail","6":"product_cat-anniversaire-de-naissance","7":"product_cat-arrangements","8":"product_cat-arrangements-2","9":"product_cat-birthdays","10":"product_cat-fleurs-2-2","11":"product_cat-flowers","12":"product_cat-occasions","13":"product_cat-occasions-fr","15":"first","16":"instock","17":"shipping-taxable","18":"purchasable","19":"product-type-simple"},"acf":[],"_links":{"self":[{"href":"https:\/\/lebouquet.brstdev.com\/fr\/wp-json\/wp\/v2\/product\/48554","targetHints":{"allow":["GET"]}}],"collection":[{"href":"https:\/\/lebouquet.brstdev.com\/fr\/wp-json\/wp\/v2\/product"}],"about":[{"href":"https:\/\/lebouquet.brstdev.com\/fr\/wp-json\/wp\/v2\/types\/product"}],"replies":[{"embeddable":true,"href":"https:\/\/lebouquet.brstdev.com\/fr\/wp-json\/wp\/v2\/comments?post=48554"}],"wp:featuredmedia":[{"embeddable":true,"href":"https:\/\/lebouquet.brstdev.com\/fr\/wp-json\/wp\/v2\/media\/110523"}],"wp:attachment":[{"href":"https:\/\/lebouquet.brstdev.com\/fr\/wp-json\/wp\/v2\/media?parent=48554"}],"wp:term":[{"taxonomy":"recipe","embeddable":true,"href":"https:\/\/lebouquet.brstdev.com\/fr\/wp-json\/wp\/v2\/recipe?post=48554"},{"taxonomy":"product_brand","embeddable":true,"href":"https:\/\/lebouquet.brstdev.com\/fr\/wp-json\/wp\/v2\/product_brand?post=48554"},{"taxonomy":"product_cat","embeddable":true,"href":"https:\/\/lebouquet.brstdev.com\/fr\/wp-json\/wp\/v2\/product_cat?post=48554"},{"taxonomy":"product_tag","embeddable":true,"href":"https:\/\/lebouquet.brstdev.com\/fr\/wp-json\/wp\/v2\/product_tag?post=48554"}],"curies":[{"name":"wp","href":"https:\/\/api.w.org\/{rel}","templated":true}]}}