{"id":48464,"date":"2024-01-19T04:02:06","date_gmt":"2024-01-19T09:02:06","guid":{"rendered":"https:\/\/lebouquetnew.brstdev.com\/abundant-carnations\/"},"modified":"2025-08-13T06:14:14","modified_gmt":"2025-08-13T10:14:14","slug":"abondance-doeillets","status":"publish","type":"product","link":"https:\/\/lebouquet.brstdev.com\/fr\/abondance-doeillets\/","title":{"rendered":"Abondance d&rsquo;\u0153illets"},"content":{"rendered":"<p>Avec son abondance d&rsquo;\u0153illets, d\u00e9licatement mis en valeur avec du gypsophile, cette pr\u00e9sentation de profil saura montrer l&rsquo;extr\u00eame d\u00e9licatesse de votre amour tout&nbsp;en tendresse.&nbsp;<\/p>\n","protected":false},"excerpt":{"rendered":"<figure class=\"table\">\n<table>\n<tbody>\n<tr>\n<td>Standard<\/td>\n<td>&#8211; 15 \u0153illets&nbsp;<\/td>\n<td>&nbsp;<\/td>\n<td>Environ<\/td>\n<td>&#8211; 13&Prime;L x 8&Prime;l x 16&Prime;h<\/td>\n<\/tr>\n<tr>\n<td>De luxe<\/td>\n<td>&#8211; 20 \u0153illets&nbsp;<\/td>\n<td>&nbsp;<\/td>\n<td>Environ<\/td>\n<td>&#8211;&nbsp;14&Prime;L x 8&Prime;l x 18&Prime;h<\/td>\n<\/tr>\n<tr>\n<td>Premium<\/td>\n<td>&#8211; 25 \u0153illets&nbsp;<\/td>\n<td>&nbsp;<\/td>\n<td>Environ<\/td>\n<td>&#8211; 16&Prime;L x 8&Prime;l x 20&Prime;h<\/td>\n<\/tr>\n<\/tbody>\n<\/table>\n<\/figure>\n","protected":false},"featured_media":96730,"comment_status":"open","ping_status":"closed","template":"","meta":{"_acf_changed":false,"inline_featured_image":false},"recipe":[],"product_brand":[],"product_cat":[7565,7566,7560,7559,7569,17153],"product_tag":[],"class_list":{"0":"post-48464","1":"product","2":"type-product","3":"status-publish","4":"has-post-thumbnail","6":"product_cat-arrangements","7":"product_cat-arrangements-2","8":"product_cat-fleurs-2-2","9":"product_cat-flowers","10":"product_cat-occasions","11":"product_cat-occasions-fr","13":"first","14":"instock","15":"shipping-taxable","16":"purchasable","17":"product-type-simple"},"acf":[],"_links":{"self":[{"href":"https:\/\/lebouquet.brstdev.com\/fr\/wp-json\/wp\/v2\/product\/48464","targetHints":{"allow":["GET"]}}],"collection":[{"href":"https:\/\/lebouquet.brstdev.com\/fr\/wp-json\/wp\/v2\/product"}],"about":[{"href":"https:\/\/lebouquet.brstdev.com\/fr\/wp-json\/wp\/v2\/types\/product"}],"replies":[{"embeddable":true,"href":"https:\/\/lebouquet.brstdev.com\/fr\/wp-json\/wp\/v2\/comments?post=48464"}],"wp:featuredmedia":[{"embeddable":true,"href":"https:\/\/lebouquet.brstdev.com\/fr\/wp-json\/wp\/v2\/media\/96730"}],"wp:attachment":[{"href":"https:\/\/lebouquet.brstdev.com\/fr\/wp-json\/wp\/v2\/media?parent=48464"}],"wp:term":[{"taxonomy":"recipe","embeddable":true,"href":"https:\/\/lebouquet.brstdev.com\/fr\/wp-json\/wp\/v2\/recipe?post=48464"},{"taxonomy":"product_brand","embeddable":true,"href":"https:\/\/lebouquet.brstdev.com\/fr\/wp-json\/wp\/v2\/product_brand?post=48464"},{"taxonomy":"product_cat","embeddable":true,"href":"https:\/\/lebouquet.brstdev.com\/fr\/wp-json\/wp\/v2\/product_cat?post=48464"},{"taxonomy":"product_tag","embeddable":true,"href":"https:\/\/lebouquet.brstdev.com\/fr\/wp-json\/wp\/v2\/product_tag?post=48464"}],"curies":[{"name":"wp","href":"https:\/\/api.w.org\/{rel}","templated":true}]}}