{"id":48436,"date":"2024-01-19T04:01:49","date_gmt":"2024-01-19T09:01:49","guid":{"rendered":"https:\/\/lebouquetnew.brstdev.com\/azalea\/"},"modified":"2025-08-13T06:14:16","modified_gmt":"2025-08-13T10:14:16","slug":"azalee","status":"publish","type":"product","link":"https:\/\/lebouquet.brstdev.com\/fr\/azalee\/","title":{"rendered":"Azal\u00e9e"},"content":{"rendered":"<p>Voici une&nbsp;plante&nbsp;\u00e0 fleurs tr\u00e8es populaire. Sa floraison cr\u00e9e un ensemble impressionnant qui dure toute l&rsquo;ann\u00e9e et fleurit pendant environ un mois. Disponible dans diff\u00e9rentes couleurs.<\/p>\n","protected":false},"excerpt":{"rendered":"<p>Voici une&nbsp;plante&nbsp;\u00e0 fleurs tr\u00e8es populaire. Sa floraison cr\u00e9e un ensemble impressionnant qui dure toute l&rsquo;ann\u00e9e et fleurit pendant environ un mois. Disponible dans diff\u00e9rentes couleurs.<\/p>\n","protected":false},"featured_media":48429,"comment_status":"open","ping_status":"closed","template":"","meta":{"_acf_changed":false,"inline_featured_image":false},"recipe":[],"product_brand":[],"product_cat":[7645,7646],"product_tag":[],"class_list":{"0":"post-48436","1":"product","2":"type-product","3":"status-publish","4":"has-post-thumbnail","6":"product_cat-flowering-and-green-plants","7":"product_cat-plantes-vertes-et-fleuries","9":"first","10":"instock","11":"shipping-taxable","12":"purchasable","13":"product-type-simple"},"acf":[],"_links":{"self":[{"href":"https:\/\/lebouquet.brstdev.com\/fr\/wp-json\/wp\/v2\/product\/48436","targetHints":{"allow":["GET"]}}],"collection":[{"href":"https:\/\/lebouquet.brstdev.com\/fr\/wp-json\/wp\/v2\/product"}],"about":[{"href":"https:\/\/lebouquet.brstdev.com\/fr\/wp-json\/wp\/v2\/types\/product"}],"replies":[{"embeddable":true,"href":"https:\/\/lebouquet.brstdev.com\/fr\/wp-json\/wp\/v2\/comments?post=48436"}],"wp:featuredmedia":[{"embeddable":true,"href":"https:\/\/lebouquet.brstdev.com\/fr\/wp-json\/wp\/v2\/media\/48429"}],"wp:attachment":[{"href":"https:\/\/lebouquet.brstdev.com\/fr\/wp-json\/wp\/v2\/media?parent=48436"}],"wp:term":[{"taxonomy":"recipe","embeddable":true,"href":"https:\/\/lebouquet.brstdev.com\/fr\/wp-json\/wp\/v2\/recipe?post=48436"},{"taxonomy":"product_brand","embeddable":true,"href":"https:\/\/lebouquet.brstdev.com\/fr\/wp-json\/wp\/v2\/product_brand?post=48436"},{"taxonomy":"product_cat","embeddable":true,"href":"https:\/\/lebouquet.brstdev.com\/fr\/wp-json\/wp\/v2\/product_cat?post=48436"},{"taxonomy":"product_tag","embeddable":true,"href":"https:\/\/lebouquet.brstdev.com\/fr\/wp-json\/wp\/v2\/product_tag?post=48436"}],"curies":[{"name":"wp","href":"https:\/\/api.w.org\/{rel}","templated":true}]}}