{"id":48414,"date":"2024-01-19T04:01:28","date_gmt":"2024-01-19T09:01:28","guid":{"rendered":"https:\/\/lebouquetnew.brstdev.com\/paradise\/"},"modified":"2025-08-13T06:14:17","modified_gmt":"2025-08-13T10:14:17","slug":"paradiso","status":"publish","type":"product","link":"https:\/\/lebouquet.brstdev.com\/fr\/paradiso\/","title":{"rendered":"Paradiso"},"content":{"rendered":"<p>Cette composition \u00e0 une fa\u00e7ade avec son \u00e9closion vibrabte de fleurs \u00e9xotique vous transportera dans un univers paradisiaque. Le charme de cet arrangeent enchantera tout les convives et les proches de l&rsquo;\u00eatre aim\u00e9.<\/p>\n","protected":false},"excerpt":{"rendered":"<figure class=\"table\" style=\"width:300px;\">\n<table>\n<tbody>\n<tr>\n<td>Standard<\/td>\n<td>Environ<\/td>\n<td>36&Prime;H x 24&Prime;L<\/td>\n<\/tr>\n<tr>\n<td>De luxe<\/td>\n<td>Environ<\/td>\n<td>38&Prime;h x 26&Prime;l<\/td>\n<\/tr>\n<tr>\n<td>Premium<\/td>\n<td>Environ<\/td>\n<td>40&Prime;h x 30&Prime;l<\/td>\n<\/tr>\n<\/tbody>\n<\/table>\n<\/figure>\n","protected":false},"featured_media":48397,"comment_status":"open","ping_status":"closed","template":"","meta":{"_acf_changed":false,"inline_featured_image":false},"recipe":[],"product_brand":[],"product_cat":[7626,7620,7625,7619],"product_tag":[],"class_list":{"0":"post-48414","1":"product","2":"type-product","3":"status-publish","4":"has-post-thumbnail","6":"product_cat-arrangements-pour-les-etablissements-funeraires-funeraire","7":"product_cat-funeraire","8":"product_cat-funeral-establishment-arrangements","9":"product_cat-funeral","11":"first","12":"instock","13":"shipping-taxable","14":"purchasable","15":"product-type-simple"},"acf":[],"_links":{"self":[{"href":"https:\/\/lebouquet.brstdev.com\/fr\/wp-json\/wp\/v2\/product\/48414","targetHints":{"allow":["GET"]}}],"collection":[{"href":"https:\/\/lebouquet.brstdev.com\/fr\/wp-json\/wp\/v2\/product"}],"about":[{"href":"https:\/\/lebouquet.brstdev.com\/fr\/wp-json\/wp\/v2\/types\/product"}],"replies":[{"embeddable":true,"href":"https:\/\/lebouquet.brstdev.com\/fr\/wp-json\/wp\/v2\/comments?post=48414"}],"wp:featuredmedia":[{"embeddable":true,"href":"https:\/\/lebouquet.brstdev.com\/fr\/wp-json\/wp\/v2\/media\/48397"}],"wp:attachment":[{"href":"https:\/\/lebouquet.brstdev.com\/fr\/wp-json\/wp\/v2\/media?parent=48414"}],"wp:term":[{"taxonomy":"recipe","embeddable":true,"href":"https:\/\/lebouquet.brstdev.com\/fr\/wp-json\/wp\/v2\/recipe?post=48414"},{"taxonomy":"product_brand","embeddable":true,"href":"https:\/\/lebouquet.brstdev.com\/fr\/wp-json\/wp\/v2\/product_brand?post=48414"},{"taxonomy":"product_cat","embeddable":true,"href":"https:\/\/lebouquet.brstdev.com\/fr\/wp-json\/wp\/v2\/product_cat?post=48414"},{"taxonomy":"product_tag","embeddable":true,"href":"https:\/\/lebouquet.brstdev.com\/fr\/wp-json\/wp\/v2\/product_tag?post=48414"}],"curies":[{"name":"wp","href":"https:\/\/api.w.org\/{rel}","templated":true}]}}