{"id":48362,"date":"2024-01-19T04:00:14","date_gmt":"2024-01-19T09:00:14","guid":{"rendered":"https:\/\/lebouquetnew.brstdev.com\/medium-stem-roses\/"},"modified":"2026-03-28T03:28:04","modified_gmt":"2026-03-28T07:28:04","slug":"roses-rouges-tiges-moyennes","status":"publish","type":"product","link":"https:\/\/lebouquet.brstdev.com\/fr\/roses-rouges-tiges-moyennes\/","title":{"rendered":"Roses rouges tiges moyennes"},"content":{"rendered":"<p>Ajoutez une touche de romance intemporelle avec notre <strong>bouquet de roses rouges Freedom \u00e0 tige moyenne<\/strong>. Compos\u00e9 de roses rouges riches et velout\u00e9es, soigneusement s\u00e9lectionn\u00e9es pour leur beaut\u00e9, ce bouquet est offert en formats de <strong>6, 12, 18 ou 24 tiges<\/strong>, mesurant chacune entre <strong>40 et 50 cm<\/strong>. Optez pour un look classique avec du <strong>feuillage luxuriant<\/strong>, ou ajoutez une touche romantique avec de la <strong>gypsophile d\u00e9licate<\/strong>.<\/p>\n<p>Pr\u00e9sent\u00e9 <strong>envelopp\u00e9 dans du papier kraft<\/strong> ou <strong>arrang\u00e9 dans un vase<\/strong>, ce bouquet est id\u00e9al pour exprimer l\u2019amour, la passion ou l\u2019admiration.<\/p>\n<p>\u00c9galement disponible en <a href=\"https:\/\/www.lebouquet.com\/fr\/roses-a-tiges-moyennes-de-couleurs-assorties\/\"><strong>couleurs assorties<\/strong> <\/a>\u2013 parfait pour les anniversaires, les c\u00e9l\u00e9brations ou simplement pour \u00e9gayer un espace.<\/p>\n<p><strong>Disponible en 6, 12, 18 ou 24 roses<\/strong><br \/><strong>Longueur des tiges : 40\u201350 cm<\/strong><br \/><strong>Avec feuillage ou avec gypsophile et feuillage<\/strong><br \/><strong>Livr\u00e9 emball\u00e9 ou pr\u00e9sent\u00e9 dans un vase<\/strong><\/p>\n<p><strong>Id\u00e9al pour :<\/strong><\/p>\n<p>Gestes romantiques et anniversaires<\/p>\n<p>Saint-Valentin et surprises sp\u00e9ciales<\/p>\n<p>D\u00e9co \u00e9l\u00e9gante ou cadeaux sinc\u00e8res<\/p>\n<p><strong>Commandez d\u00e8s aujourd\u2019hui et laissez parler la beaut\u00e9 des roses rouges Freedom.<\/strong><\/p>\n","protected":false},"excerpt":{"rendered":"<p>Ajoutez une touche de romance intemporelle avec notre bouquet de roses rouges Freedom \u00e0 tige moyenne. Compos\u00e9 de roses rouges riches et velout\u00e9es, soigneusement s\u00e9lectionn\u00e9es pour leur beaut\u00e9, ce bouquet est offert en formats de 6, 12, 18 ou 24 tiges, mesurant chacune entre 40 et 50 cm. Optez pour un look classique avec du [&hellip;]<\/p>\n","protected":false},"featured_media":92454,"comment_status":"open","ping_status":"closed","template":"","meta":{"_acf_changed":false},"recipe":[],"product_brand":[],"product_cat":[7588,7560,7590,7572,17153,7554,7562,17150,17154],"product_tag":[],"class_list":{"0":"post-48362","1":"product","2":"type-product","3":"status-publish","4":"has-post-thumbnail","6":"product_cat-fete-des-meres-evenements","7":"product_cat-fleurs-montreal","8":"product_cat-fleurs-anniversaire-fiancailles-montreal","9":"product_cat-saint-valentine","10":"product_cat-fleurs-occasions-montreal","11":"product_cat-populaires","12":"product_cat-roses-fraiches-montreal","13":"product_cat-best-seller","14":"product_cat-best-seller-fr","16":"first","17":"instock","18":"shipping-taxable","19":"purchasable","20":"product-type-simple"},"acf":[],"_links":{"self":[{"href":"https:\/\/lebouquet.brstdev.com\/fr\/wp-json\/wp\/v2\/product\/48362","targetHints":{"allow":["GET"]}}],"collection":[{"href":"https:\/\/lebouquet.brstdev.com\/fr\/wp-json\/wp\/v2\/product"}],"about":[{"href":"https:\/\/lebouquet.brstdev.com\/fr\/wp-json\/wp\/v2\/types\/product"}],"replies":[{"embeddable":true,"href":"https:\/\/lebouquet.brstdev.com\/fr\/wp-json\/wp\/v2\/comments?post=48362"}],"wp:featuredmedia":[{"embeddable":true,"href":"https:\/\/lebouquet.brstdev.com\/fr\/wp-json\/wp\/v2\/media\/92454"}],"wp:attachment":[{"href":"https:\/\/lebouquet.brstdev.com\/fr\/wp-json\/wp\/v2\/media?parent=48362"}],"wp:term":[{"taxonomy":"recipe","embeddable":true,"href":"https:\/\/lebouquet.brstdev.com\/fr\/wp-json\/wp\/v2\/recipe?post=48362"},{"taxonomy":"product_brand","embeddable":true,"href":"https:\/\/lebouquet.brstdev.com\/fr\/wp-json\/wp\/v2\/product_brand?post=48362"},{"taxonomy":"product_cat","embeddable":true,"href":"https:\/\/lebouquet.brstdev.com\/fr\/wp-json\/wp\/v2\/product_cat?post=48362"},{"taxonomy":"product_tag","embeddable":true,"href":"https:\/\/lebouquet.brstdev.com\/fr\/wp-json\/wp\/v2\/product_tag?post=48362"}],"curies":[{"name":"wp","href":"https:\/\/api.w.org\/{rel}","templated":true}]}}