{"id":124097,"date":"2026-03-14T14:53:43","date_gmt":"2026-03-14T18:53:43","guid":{"rendered":"https:\/\/www.lebouquet.com\/aurora-bouquet\/"},"modified":"2026-04-08T07:08:26","modified_gmt":"2026-04-08T11:08:26","slug":"bouquet-aurora","status":"publish","type":"product","link":"https:\/\/lebouquet.brstdev.com\/fr\/bouquet-aurora\/","title":{"rendered":"Bouquet Aurora"},"content":{"rendered":"<p><strong>Aurora<\/strong> est un bouquet \u00e9l\u00e9gant compos\u00e9 de roses branchues, con\u00e7u pour exprimer douceur, affection et beaut\u00e9 naturelle. La forme arrondie des roses est d\u00e9licatement accompagn\u00e9e de gypsophile et de verdure fra\u00eeche, cr\u00e9ant une composition romantique \u00e0 la fois classique et intemporelle.<\/p>\n<p>Chaque arrangement comprend environ 50 \u00e0 100 fleurs de roses branchues, offrant un bouquet g\u00e9n\u00e9reux et abondant qui met en valeur toute la beaut\u00e9 naturelle de ces roses.<\/p>\n<p>Cet bouquet est offert en trois magnifiques choix de couleurs : enti\u00e8rement blanc, enti\u00e8rement rose ou un m\u00e9lange d\u00e9licat de roses blanches et roses. Il est disponible en deux formats et peut \u00eatre pr\u00e9sent\u00e9 <a href=\"https:\/\/www.lebouquet.com\/fr\/romance-delicate\/\">avec<\/a> ou sans vase, selon votre pr\u00e9f\u00e9rence.<\/p>\n<p>Aurora est parfait pour un anniversaire, une naissance, un remerciement ou simplement pour faire plaisir et illuminer la journ\u00e9e de quelqu\u2019un.<\/p>\n","protected":false},"excerpt":{"rendered":"<p>Aurora est un bouquet \u00e9l\u00e9gant compos\u00e9 de roses branchues, con\u00e7u pour exprimer douceur, affection et beaut\u00e9 naturelle. La forme arrondie des roses est d\u00e9licatement accompagn\u00e9e de gypsophile et de verdure fra\u00eeche, cr\u00e9ant une composition romantique \u00e0 la fois classique et intemporelle. Chaque arrangement comprend environ 50 \u00e0 100 fleurs de roses branchues, offrant un bouquet [&hellip;]<\/p>\n","protected":false},"featured_media":124076,"comment_status":"open","ping_status":"closed","template":"","meta":{"_acf_changed":false},"recipe":[],"product_brand":[],"product_cat":[7564,7568,7560,7590,17153],"product_tag":[],"class_list":{"0":"post-124097","1":"product","2":"type-product","3":"status-publish","4":"has-post-thumbnail","6":"product_cat-bouquets-de-fleurs","7":"product_cat-bouquets-fleurs-variete-unique-montreal","8":"product_cat-fleurs-montreal","9":"product_cat-fleurs-anniversaire-fiancailles-montreal","10":"product_cat-fleurs-occasions-montreal","12":"first","13":"instock","14":"shipping-taxable","15":"purchasable","16":"product-type-simple"},"acf":[],"_links":{"self":[{"href":"https:\/\/lebouquet.brstdev.com\/fr\/wp-json\/wp\/v2\/product\/124097","targetHints":{"allow":["GET"]}}],"collection":[{"href":"https:\/\/lebouquet.brstdev.com\/fr\/wp-json\/wp\/v2\/product"}],"about":[{"href":"https:\/\/lebouquet.brstdev.com\/fr\/wp-json\/wp\/v2\/types\/product"}],"replies":[{"embeddable":true,"href":"https:\/\/lebouquet.brstdev.com\/fr\/wp-json\/wp\/v2\/comments?post=124097"}],"wp:featuredmedia":[{"embeddable":true,"href":"https:\/\/lebouquet.brstdev.com\/fr\/wp-json\/wp\/v2\/media\/124076"}],"wp:attachment":[{"href":"https:\/\/lebouquet.brstdev.com\/fr\/wp-json\/wp\/v2\/media?parent=124097"}],"wp:term":[{"taxonomy":"recipe","embeddable":true,"href":"https:\/\/lebouquet.brstdev.com\/fr\/wp-json\/wp\/v2\/recipe?post=124097"},{"taxonomy":"product_brand","embeddable":true,"href":"https:\/\/lebouquet.brstdev.com\/fr\/wp-json\/wp\/v2\/product_brand?post=124097"},{"taxonomy":"product_cat","embeddable":true,"href":"https:\/\/lebouquet.brstdev.com\/fr\/wp-json\/wp\/v2\/product_cat?post=124097"},{"taxonomy":"product_tag","embeddable":true,"href":"https:\/\/lebouquet.brstdev.com\/fr\/wp-json\/wp\/v2\/product_tag?post=124097"}],"curies":[{"name":"wp","href":"https:\/\/api.w.org\/{rel}","templated":true}]}}