{"id":122431,"date":"2026-01-28T08:21:42","date_gmt":"2026-01-28T13:21:42","guid":{"rendered":"https:\/\/www.lebouquet.com\/my-love-heart-rose-bouquet\/"},"modified":"2026-03-28T02:57:04","modified_gmt":"2026-03-28T06:57:04","slug":"mon-amour-bouquet-coeur-roses","status":"publish","type":"product","link":"https:\/\/lebouquet.brstdev.com\/fr\/mon-amour-bouquet-coeur-roses\/","title":{"rendered":"Mon amour \u2013 Bouquet c\u0153ur de roses"},"content":{"rendered":"<p><strong>Mon amour<\/strong> est une cr\u00e9ation pens\u00e9e pour une seule chose : <strong>l\u2019effet recherch\u00e9<\/strong>.<\/p>\n<p>Ce bouquet spectaculaire en forme de c\u0153ur est compos\u00e9 de <strong>24 roses rouges de qualit\u00e9 sup\u00e9rieure<\/strong>, d\u00e9licatement entour\u00e9es de gypsophile afin de cr\u00e9er une pr\u00e9sentation forte, romantique et inoubliable. Ce n\u2019est pas un arrangement discret \u2014 c\u2019est une d\u00e9claration assum\u00e9e.<\/p>\n<p>Au centre du c\u0153ur, vous avez le choix entre deux options significatives :<\/p>\n<p>Une <strong>bo\u00eete de chocolats Leonidas<\/strong><\/p>\n<p>Un <strong>ourson en peluche<\/strong><\/p>\n<p>C\u2019est le bouquet que l\u2019on offre lorsqu\u2019on veut marquer un moment, provoquer une \u00e9motion et cr\u00e9er un souvenir. Celui qui se fait photographier, partager et admirer.<\/p>\n<p>Veuillez noter qu\u2019il s\u2019agit d\u2019un <strong>arrangement coup de c\u0153ur<\/strong>. La gypsophile est utilis\u00e9e pour son impact visuel, et sa dur\u00e9e de vie est naturellement plus courte que celle d\u2019un bouquet traditionnel. Ici, tout est dans le moment, l\u2019\u00e9motion et le souvenir laiss\u00e9.<\/p>\n<p><strong>Id\u00e9al pour :<\/strong> Saint-Valentin, anniversaires, demandes sp\u00e9ciales, grands gestes romantiques.<\/p>\n<hr>\n<h3>D\u00e9tails cl\u00e9s<\/h3>\n<p><strong>Nombre de fleurs :<\/strong> 24 roses rouges<br \/><strong>Design :<\/strong> Arrangement en forme de c\u0153ur<br \/><strong>Options centrales :<\/strong> &nbsp;chocolats Leonidas ou ourson<br \/><strong>Style :<\/strong> Romantique, audacieux, spectaculaire<br \/><strong>Note importante :<\/strong> Dur\u00e9e de vie limit\u00e9e de la gypsophile<br \/><strong>Id\u00e9al pour :<\/strong> Saint-Valentin, anniversaires, surprises romantiques<\/p>\n","protected":false},"excerpt":{"rendered":"<p>Mon amour est une cr\u00e9ation pens\u00e9e pour une seule chose : l\u2019effet recherch\u00e9. Ce bouquet spectaculaire en forme de c\u0153ur est compos\u00e9 de 24 roses rouges de qualit\u00e9 sup\u00e9rieure, d\u00e9licatement entour\u00e9es de gypsophile afin de cr\u00e9er une pr\u00e9sentation forte, romantique et inoubliable. Ce n\u2019est pas un arrangement discret \u2014 c\u2019est une d\u00e9claration assum\u00e9e. Au centre [&hellip;]<\/p>\n","protected":false},"featured_media":122419,"comment_status":"open","ping_status":"closed","template":"","meta":{"_acf_changed":false},"recipe":[],"product_brand":[],"product_cat":[7560,7572,17153,7569,7559,7554,7553,7561,7562,7571],"product_tag":[],"class_list":{"0":"post-122431","1":"product","2":"type-product","3":"status-publish","4":"has-post-thumbnail","6":"product_cat-fleurs-montreal","7":"product_cat-saint-valentine","8":"product_cat-fleurs-occasions-montreal","9":"product_cat-flower-occasions-montreal","10":"product_cat-flowers-montreal","11":"product_cat-populaires","12":"product_cat-popular","13":"product_cat-rose-montreal","14":"product_cat-roses-fraiches-montreal","15":"product_cat-valentines","17":"first","18":"instock","19":"shipping-taxable","20":"purchasable","21":"product-type-simple"},"acf":[],"_links":{"self":[{"href":"https:\/\/lebouquet.brstdev.com\/fr\/wp-json\/wp\/v2\/product\/122431","targetHints":{"allow":["GET"]}}],"collection":[{"href":"https:\/\/lebouquet.brstdev.com\/fr\/wp-json\/wp\/v2\/product"}],"about":[{"href":"https:\/\/lebouquet.brstdev.com\/fr\/wp-json\/wp\/v2\/types\/product"}],"replies":[{"embeddable":true,"href":"https:\/\/lebouquet.brstdev.com\/fr\/wp-json\/wp\/v2\/comments?post=122431"}],"wp:featuredmedia":[{"embeddable":true,"href":"https:\/\/lebouquet.brstdev.com\/fr\/wp-json\/wp\/v2\/media\/122419"}],"wp:attachment":[{"href":"https:\/\/lebouquet.brstdev.com\/fr\/wp-json\/wp\/v2\/media?parent=122431"}],"wp:term":[{"taxonomy":"recipe","embeddable":true,"href":"https:\/\/lebouquet.brstdev.com\/fr\/wp-json\/wp\/v2\/recipe?post=122431"},{"taxonomy":"product_brand","embeddable":true,"href":"https:\/\/lebouquet.brstdev.com\/fr\/wp-json\/wp\/v2\/product_brand?post=122431"},{"taxonomy":"product_cat","embeddable":true,"href":"https:\/\/lebouquet.brstdev.com\/fr\/wp-json\/wp\/v2\/product_cat?post=122431"},{"taxonomy":"product_tag","embeddable":true,"href":"https:\/\/lebouquet.brstdev.com\/fr\/wp-json\/wp\/v2\/product_tag?post=122431"}],"curies":[{"name":"wp","href":"https:\/\/api.w.org\/{rel}","templated":true}]}}