{"id":121106,"date":"2025-12-02T14:16:07","date_gmt":"2025-12-02T19:16:07","guid":{"rendered":"https:\/\/www.lebouquet.com\/mini-sweets-gift-set\/"},"modified":"2026-03-28T05:13:57","modified_gmt":"2026-03-28T09:13:57","slug":"coffret-cadeau-mini-sweets","status":"publish","type":"product","link":"https:\/\/lebouquet.brstdev.com\/fr\/coffret-cadeau-mini-sweets\/","title":{"rendered":"Coffret Cadeau \u00ab\u00a0Mini Sweets\u00a0\u00bb"},"content":{"rendered":"<p>Notre <strong>Coffret Cadeau Mini Sweets<\/strong> r\u00e9unit charme, tradition et chaleur des F\u00eates. Cet ensemble comprend <strong>un arrangement floral Mini Sweets<\/strong> \u2014 compos\u00e9 de verdures fra\u00eeches, roses rouges, fleurs saisonni\u00e8res et accents festifs \u2014 accompagn\u00e9 d\u2019une <a href=\"https:\/\/www.lebouquet.com\/fr\/amis-des-fetes\/\"><strong>peluche assortie au format mini<\/strong><\/a>. Un cadeau de No\u00ebl attentionn\u00e9 et \u00e9l\u00e9gant, id\u00e9al pour un ami, un coll\u00e8gue, un professeur ou toute personne qui appr\u00e9cie les traditions des F\u00eates.<\/p>\n<p>Pour compl\u00e9ter l\u2019ensemble, vous pouvez <strong>ajouter une bo\u00eete de nos<\/strong><a href=\"https:\/\/www.lebouquet.com\/fr\/chocolats-assortis-leonidas\/\"><strong> chocolats belges Leonidas<\/strong><\/a>, un v\u00e9ritable plaisir gourmand.<\/p>\n<p>Un duo compact, raffin\u00e9 et pr\u00eat \u00e0 offrir.<\/p>\n","protected":false},"excerpt":{"rendered":"<p>Notre Coffret Cadeau Mini Sweets r\u00e9unit charme, tradition et chaleur des F\u00eates. Cet ensemble comprend un arrangement floral Mini Sweets \u2014 compos\u00e9 de verdures fra\u00eeches, roses rouges, fleurs saisonni\u00e8res et accents festifs \u2014 accompagn\u00e9 d\u2019une peluche assortie au format mini. Un cadeau de No\u00ebl attentionn\u00e9 et \u00e9l\u00e9gant, id\u00e9al pour un ami, un coll\u00e8gue, un professeur [&hellip;]<\/p>\n","protected":false},"featured_media":121096,"comment_status":"open","ping_status":"closed","template":"","meta":{"_acf_changed":false},"recipe":[],"product_brand":[],"product_cat":[7584,7583],"product_tag":[],"class_list":{"0":"post-121106","1":"product","2":"type-product","3":"status-publish","4":"has-post-thumbnail","6":"product_cat-ensembles-cadeaux-et-autres","7":"product_cat-gift-sets-and-holiday-items","9":"first","10":"instock","11":"shipping-taxable","12":"purchasable","13":"product-type-simple"},"acf":[],"_links":{"self":[{"href":"https:\/\/lebouquet.brstdev.com\/fr\/wp-json\/wp\/v2\/product\/121106","targetHints":{"allow":["GET"]}}],"collection":[{"href":"https:\/\/lebouquet.brstdev.com\/fr\/wp-json\/wp\/v2\/product"}],"about":[{"href":"https:\/\/lebouquet.brstdev.com\/fr\/wp-json\/wp\/v2\/types\/product"}],"replies":[{"embeddable":true,"href":"https:\/\/lebouquet.brstdev.com\/fr\/wp-json\/wp\/v2\/comments?post=121106"}],"wp:featuredmedia":[{"embeddable":true,"href":"https:\/\/lebouquet.brstdev.com\/fr\/wp-json\/wp\/v2\/media\/121096"}],"wp:attachment":[{"href":"https:\/\/lebouquet.brstdev.com\/fr\/wp-json\/wp\/v2\/media?parent=121106"}],"wp:term":[{"taxonomy":"recipe","embeddable":true,"href":"https:\/\/lebouquet.brstdev.com\/fr\/wp-json\/wp\/v2\/recipe?post=121106"},{"taxonomy":"product_brand","embeddable":true,"href":"https:\/\/lebouquet.brstdev.com\/fr\/wp-json\/wp\/v2\/product_brand?post=121106"},{"taxonomy":"product_cat","embeddable":true,"href":"https:\/\/lebouquet.brstdev.com\/fr\/wp-json\/wp\/v2\/product_cat?post=121106"},{"taxonomy":"product_tag","embeddable":true,"href":"https:\/\/lebouquet.brstdev.com\/fr\/wp-json\/wp\/v2\/product_tag?post=121106"}],"curies":[{"name":"wp","href":"https:\/\/api.w.org\/{rel}","templated":true}]}}